{"id":914,"date":"2025-08-17T17:11:50","date_gmt":"2025-08-17T17:11:50","guid":{"rendered":"https:\/\/lacasonadelagaraba.com\/aviso-legal\/"},"modified":"2026-04-08T11:07:00","modified_gmt":"2026-04-08T09:07:00","slug":"aviso-legal","status":"publish","type":"page","link":"https:\/\/lacasonadelagaraba.com\/de\/aviso-legal\/","title":{"rendered":"Rechtlicher Hinweis"},"content":{"rendered":"<h1><span dir=\"auto\">Rechtlicher Hinweis<\/span><\/h1>\n<p>&nbsp;<\/p>\n<p><span dir=\"auto\">Gem\u00e4\u00df Kapitel II des Gesetzes 34\/2002, LSSICE, teilen wir Ihnen mit, dass diese Website Eigentum von JUAN JOSE PE\u00d1A CEREZO mit Wohnsitz in C\/MARTINEZ IZQUIERDO 45 6\u00baA 28028 MADRID und mit der Steuernummer ****2050N sowie der E-Mail-Adresse info@lacasonadelagaraba.com ist.<\/span><\/p>\n<p><span dir=\"auto\">Zur Einhaltung der Verordnung (EU) 2016\/679 des Europ\u00e4ischen Parlaments und des Rates vom 27. April 2016 zum Schutz nat\u00fcrlicher Personen bei der Verarbeitung personenbezogener Daten, zum freien Datenverkehr und zur Aufhebung der Richtlinie 95\/46\/EG informieren wir Sie \u00fcber Folgendes:<\/span><\/p>\n<p><span dir=\"auto\">1)\u00a0\u00a0<\/span><b><span dir=\"auto\">Rechtsgrundlage, Zweck und ausdr\u00fcckliche Einwilligung des Kunden zur Datenverarbeitung<\/span><\/b><span dir=\"auto\">\u00a0: Die von Ihnen angegebenen personenbezogenen Daten (Identifikations- und Kontaktdaten, erforderliche pers\u00f6nliche und\/oder rechtliche Dokumente usw.) werden zum Zweck der Erbringung der vertraglich vereinbarten Leistungen verarbeitet. Sie k\u00f6nnen au\u00dferdem verwendet werden, um Anfragen auf herk\u00f6mmlichem oder elektronischem Wege zu beantworten, Rechnungen zu versenden oder Ihnen Informationen zukommen zu lassen, die f\u00fcr Sie von Interesse sein k\u00f6nnten oder f\u00fcr die ordnungsgem\u00e4\u00dfe Verwaltung Ihres Kundenkontos, einschlie\u00dflich interner und administrativer Aspekte, erforderlich sind. Die Rechtsgrundlage f\u00fcr die Verarbeitung Ihrer Daten ist die Vertragserf\u00fcllung selbst; daher ist die Angabe dieser Daten zwingend erforderlich, und die Nichtangabe w\u00fcrde die Vertragserf\u00fcllung verhindern.<\/span><\/p>\n<p><span dir=\"auto\">2)\u00a0\u00a0<\/span><b><span dir=\"auto\">Verantwortlicher f\u00fcr die Datenverarbeitung<\/span><\/b><span dir=\"auto\">\u00a0: Verantwortlicher f\u00fcr die Datenverarbeitung ist JUAN JOSE PE\u00d1A CEREZO, mit der Steuernummer ****2050N und der Adresse C\/MARTINEZ IZQUIERDO 45 6\u00baA 28028 MADRID.<\/span><\/p>\n<p><span dir=\"auto\">3)\u00a0\u00a0<\/span><b><span dir=\"auto\">Ausdr\u00fcckliche Genehmigung zur Daten\u00fcbermittlung an Dritte<\/span><\/b><span dir=\"auto\">\u00a0: Sie willigen ausdr\u00fccklich in die \u00dcbermittlung Ihrer Daten an Dritte ein, sofern dies f\u00fcr die ordnungsgem\u00e4\u00dfe Erbringung der Dienstleistung erforderlich ist. Diese Einwilligung kann jederzeit durch zuverl\u00e4ssige Mitteilung an die in Abschnitt 6 angegebene Postanschrift widerrufen werden. Unter dieser Adresse k\u00f6nnen Sie auch Ihre Rechte auf Auskunft, Berichtigung, L\u00f6schung oder Widerspruch gegen die Verarbeitung aus\u00fcben.<\/span><\/p>\n<p><span dir=\"auto\">4)\u00a0\u00a0<\/span><b><span dir=\"auto\">Aufbewahrungsfrist f\u00fcr Daten<\/span><\/b><span dir=\"auto\">\u00a0: Die bereitgestellten Daten werden f\u00fcr die Dauer des Vertragsverh\u00e4ltnisses und f\u00fcr den Zeitraum, in dem sich aus den erbrachten Dienstleistungen Haftungsanspr\u00fcche ergeben k\u00f6nnen, aufbewahrt. Als Richtwert gelten folgende Fristen: 6 Jahre f\u00fcr Buchhaltungsunterlagen, Rechnungen usw. (Art. 30 Handelsgesetzbuch); 5 Jahre f\u00fcr pers\u00f6nliche Anspr\u00fcche ohne besondere Frist (Art. 1964 B\u00fcrgerliches Gesetzbuch); 10 Jahre f\u00fcr Anspr\u00fcche aus Gesetz 10\/2010 vom 28. April zur Verhinderung von Geldw\u00e4sche und Terrorismusfinanzierung (Art. 25); und 4 Jahre f\u00fcr steuerliche Verpflichtungen (Art. 66 ff. Allgemeines Steuergesetz).<\/span><\/p>\n<p><span dir=\"auto\">5)\u00a0\u00a0<\/span><b><span dir=\"auto\">Sicherheitsma\u00dfnahmen<\/span><\/b><span dir=\"auto\">\u00a0: Informationssicherheit ist eine unserer Verpflichtungen. In \u00dcbereinstimmung mit den geltenden Gesetzen werden Benutzerdaten jederzeit absolut vertraulich behandelt. Wir wahren die erforderliche Geheimhaltungspflicht in Bezug auf diese Daten gem\u00e4\u00df den Bestimmungen der anwendbaren Vorschriften und ergreifen zu diesem Zweck die notwendigen technischen und organisatorischen Sicherheitsma\u00dfnahmen, die die Sicherheit Ihrer Daten gew\u00e4hrleisten und deren Ver\u00e4nderung, Verlust, unbefugte Verarbeitung oder Zugriff verhindern. Dabei ber\u00fccksichtigen wir den Stand der Technik, die Art der gespeicherten Daten und die Risiken, denen sie ausgesetzt sind.<\/span><\/p>\n<p><span dir=\"auto\">6)\u00a0\u00a0<\/span><b><span dir=\"auto\">Sie haben folgende Rechte in Bezug auf Ihre personenbezogenen Daten<\/span><\/b><span dir=\"auto\">\u00a0:<\/span><\/p>\n<ul>\n<li>\n<ul>\n<li><span dir=\"auto\">Die erteilten Einwilligungen widerrufen.<\/span><\/li>\n<li><span dir=\"auto\">Eine Best\u00e4tigung dar\u00fcber einholen, ob personenbezogene Daten des Nutzers verarbeitet werden oder nicht.<\/span><\/li>\n<li><span dir=\"auto\">Greifen Sie auf Ihre pers\u00f6nlichen Daten zu.<\/span><\/li>\n<li><span dir=\"auto\">Korrigieren Sie ungenaue oder unvollst\u00e4ndige Daten.<\/span><\/li>\n<li><span dir=\"auto\">Fordern Sie die L\u00f6schung Ihrer Daten an, wenn diese unter anderem f\u00fcr die Zwecke, f\u00fcr die sie erhoben wurden, nicht mehr erforderlich sind.<\/span><\/li>\n<li><span dir=\"auto\">Die Einschr\u00e4nkung der Datenverarbeitung kann erwirkt werden, wenn eine der in den Datenschutzbestimmungen vorgesehenen Bedingungen erf\u00fcllt ist.<\/span><\/li>\n<li><span dir=\"auto\">Fordern Sie die Portabilit\u00e4t Ihrer Daten an.<\/span><\/li>\n<li><span dir=\"auto\">Sie k\u00f6nnen eine Beschwerde bei der spanischen Datenschutzbeh\u00f6rde unter der folgenden Adresse einreichen: https:\/\/www.agpd.es, wenn Sie der Ansicht sind, dass Ihre Rechte gem\u00e4\u00df den geltenden Datenschutzbestimmungen verletzt wurden.<\/span><\/li>\n<li><span dir=\"auto\">Sie k\u00f6nnen diese Rechte jederzeit aus\u00fcben, indem Sie sich schriftlich an JUAN JOSE PE\u00d1A CEREZO unter der folgenden Postanschrift wenden: C\/MARTINEZ IZQUIERDO 45 6\u00baA 28028 MADRID oder per E-Mail an info@lacasonadelagaraba.com mit dem Betreff\u00a0<\/span><i><span dir=\"auto\">\u201eLOPD, ARCO-Rechte\u201c<\/span><\/i><span dir=\"auto\">\u00a0. Bitte begr\u00fcnden Sie Ihre Anfrage und f\u00fcgen Sie eine Kopie Ihres Personalausweises oder anderer Dokumente bei, die Ihre Identit\u00e4t belegen.<\/span><\/li>\n<\/ul>\n<\/li>\n<\/ul>\n<p>&nbsp;<\/p>\n<h2><span dir=\"auto\">Akzeptanz und Zustimmung<\/span><\/h2>\n<p><span dir=\"auto\">Der Nutzer erkl\u00e4rt, \u00fcber die Bedingungen zum Schutz personenbezogener Daten informiert worden zu sein und der automatisierten Verarbeitung dieser Daten durch JUAN JOSE PE\u00d1A CEREZO in der in dieser Datenschutzrichtlinie angegebenen Weise und zu den darin genannten Zwecken zuzustimmen.<\/span><\/p>\n<p><span dir=\"auto\">Indem ich dieses Formular benutze, um JUAN JOSE PE\u00d1A CEREZO zu kontaktieren, erm\u00e4chtige ich ihn ausdr\u00fccklich zur Verwendung meiner Daten f\u00fcr die Zusendung von kommerziellen Mitteilungen auf jeglichem Wege (einschlie\u00dflich E-Mail). Diese Erm\u00e4chtigung kann ich jederzeit widerrufen, indem ich JUAN JOSE PE\u00d1A CEREZO kontaktiere.<\/span><\/p>\n<p><span dir=\"auto\">Der Nutzer erkl\u00e4rt, dar\u00fcber informiert worden zu sein, dass JUAN JOSE PE\u00d1A CEREZO im Falle, dass die Website keinen Kunden f\u00fcr ihren Betrieb hat (nicht vermietet ist), die erhaltenen Formulare und E-Mails sammeln und an Drittunternehmen weiterleiten kann, damit diese die angeforderte Dienstleistung anbieten k\u00f6nnen.<\/span><\/p>\n<p>&nbsp;<\/p>\n<h2><span dir=\"auto\">Gesetzgebung<\/span><\/h2>\n<p><span dir=\"auto\">Im Allgemeinen unterliegen die Beziehungen zwischen JUAN JOSE PE\u00d1A CEREZO und den Nutzern seiner telematischen Dienste, die auf dieser Website angeboten werden, der spanischen Gesetzgebung und Gerichtsbarkeit.<\/span><\/p>\n","protected":false},"excerpt":{"rendered":"<p>Rechtlicher Hinweis &nbsp; Gem\u00e4\u00df Kapitel II des Gesetzes 34\/2002, LSSICE, teilen wir Ihnen mit, dass diese Website Eigentum von JUAN JOSE PE\u00d1A CEREZO mit Wohnsitz in C\/MARTINEZ IZQUIERDO 45 6\u00baA&#8230;<\/p>\n","protected":false},"author":1,"featured_media":0,"parent":0,"menu_order":0,"comment_status":"closed","ping_status":"closed","template":"page-left-sidebar.php","meta":{"footnotes":""},"class_list":["post-914","page","type-page","status-publish"],"yoast_head":"<!-- This site is optimized with the Yoast SEO plugin v27.3 - https:\/\/yoast.com\/product\/yoast-seo-wordpress\/ -->\n<title>Rechtlicher Hinweis | La Casona de La Garaba<\/title>\n<meta name=\"robots\" content=\"index, follow, max-snippet:-1, max-image-preview:large, max-video-preview:-1\" \/>\n<link rel=\"canonical\" href=\"https:\/\/lacasonadelagaraba.com\/de\/aviso-legal\/\" \/>\n<meta property=\"og:locale\" content=\"de_DE\" \/>\n<meta property=\"og:type\" content=\"article\" \/>\n<meta property=\"og:title\" content=\"Rechtlicher Hinweis | La Casona de La Garaba\" \/>\n<meta property=\"og:description\" content=\"Rechtlicher Hinweis &nbsp; Gem\u00e4\u00df Kapitel II des Gesetzes 34\/2002, LSSICE, teilen wir Ihnen mit, dass diese Website Eigentum von JUAN JOSE PE\u00d1A CEREZO mit Wohnsitz in C\/MARTINEZ IZQUIERDO 45 6\u00baA...\" \/>\n<meta property=\"og:url\" content=\"https:\/\/lacasonadelagaraba.com\/de\/aviso-legal\/\" \/>\n<meta property=\"og:site_name\" content=\"La Casona de La Garaba\" \/>\n<meta property=\"article:modified_time\" content=\"2026-04-08T09:07:00+00:00\" \/>\n<meta name=\"twitter:card\" content=\"summary_large_image\" \/>\n<meta name=\"twitter:label1\" content=\"Est. reading time\" \/>\n\t<meta name=\"twitter:data1\" content=\"5 minutes\" \/>\n<script type=\"application\/ld+json\" class=\"yoast-schema-graph\">{\"@context\":\"https:\\\/\\\/schema.org\",\"@graph\":[{\"@type\":\"WebPage\",\"@id\":\"https:\\\/\\\/lacasonadelagaraba.com\\\/de\\\/aviso-legal\\\/\",\"url\":\"https:\\\/\\\/lacasonadelagaraba.com\\\/de\\\/aviso-legal\\\/\",\"name\":\"Rechtlicher Hinweis | La Casona de La Garaba\",\"isPartOf\":{\"@id\":\"https:\\\/\\\/lacasonadelagaraba.com\\\/#website\"},\"datePublished\":\"2025-08-17T17:11:50+00:00\",\"dateModified\":\"2026-04-08T09:07:00+00:00\",\"breadcrumb\":{\"@id\":\"https:\\\/\\\/lacasonadelagaraba.com\\\/de\\\/aviso-legal\\\/#breadcrumb\"},\"inLanguage\":\"de-DE\",\"potentialAction\":[{\"@type\":\"ReadAction\",\"target\":[\"https:\\\/\\\/lacasonadelagaraba.com\\\/de\\\/aviso-legal\\\/\"]}]},{\"@type\":\"BreadcrumbList\",\"@id\":\"https:\\\/\\\/lacasonadelagaraba.com\\\/de\\\/aviso-legal\\\/#breadcrumb\",\"itemListElement\":[{\"@type\":\"ListItem\",\"position\":1,\"name\":\"Portada\",\"item\":\"https:\\\/\\\/lacasonadelagaraba.com\\\/de\\\/\"},{\"@type\":\"ListItem\",\"position\":2,\"name\":\"Rechtlicher Hinweis\"}]},{\"@type\":\"WebSite\",\"@id\":\"https:\\\/\\\/lacasonadelagaraba.com\\\/#website\",\"url\":\"https:\\\/\\\/lacasonadelagaraba.com\\\/\",\"name\":\"La Casona de La Garaba\",\"description\":\"Tu refugio asturiano en plena naturaleza\",\"publisher\":{\"@id\":\"https:\\\/\\\/lacasonadelagaraba.com\\\/#organization\"},\"alternateName\":\"Casa Dos Peixi\u00f1os\",\"potentialAction\":[{\"@type\":\"SearchAction\",\"target\":{\"@type\":\"EntryPoint\",\"urlTemplate\":\"https:\\\/\\\/lacasonadelagaraba.com\\\/?s={search_term_string}\"},\"query-input\":{\"@type\":\"PropertyValueSpecification\",\"valueRequired\":true,\"valueName\":\"search_term_string\"}}],\"inLanguage\":\"de-DE\"},{\"@type\":\"Organization\",\"@id\":\"https:\\\/\\\/lacasonadelagaraba.com\\\/#organization\",\"name\":\"La Casona de La Garaba\",\"url\":\"https:\\\/\\\/lacasonadelagaraba.com\\\/\",\"logo\":{\"@type\":\"ImageObject\",\"inLanguage\":\"de-DE\",\"@id\":\"https:\\\/\\\/lacasonadelagaraba.com\\\/#\\\/schema\\\/logo\\\/image\\\/\",\"url\":\"https:\\\/\\\/lacasonadelagaraba.com\\\/wp-content\\\/uploads\\\/2026\\\/01\\\/Logo-La-Garaba-HZ-cabecera.png\",\"contentUrl\":\"https:\\\/\\\/lacasonadelagaraba.com\\\/wp-content\\\/uploads\\\/2026\\\/01\\\/Logo-La-Garaba-HZ-cabecera.png\",\"width\":466,\"height\":200,\"caption\":\"La Casona de La Garaba\"},\"image\":{\"@id\":\"https:\\\/\\\/lacasonadelagaraba.com\\\/#\\\/schema\\\/logo\\\/image\\\/\"},\"sameAs\":[\"https:\\\/\\\/www.airbnb.es\\\/rooms\\\/11895052?guests=1&adults=1&s=67&unique_share_id=d361752a-f24f-4ecc-9142-e0c1ad33d4c1\"]}]}<\/script>\n<!-- \/ Yoast SEO plugin. -->","yoast_head_json":{"title":"Rechtlicher Hinweis | La Casona de La Garaba","robots":{"index":"index","follow":"follow","max-snippet":"max-snippet:-1","max-image-preview":"max-image-preview:large","max-video-preview":"max-video-preview:-1"},"canonical":"https:\/\/lacasonadelagaraba.com\/de\/aviso-legal\/","og_locale":"de_DE","og_type":"article","og_title":"Rechtlicher Hinweis | La Casona de La Garaba","og_description":"Rechtlicher Hinweis &nbsp; Gem\u00e4\u00df Kapitel II des Gesetzes 34\/2002, LSSICE, teilen wir Ihnen mit, dass diese Website Eigentum von JUAN JOSE PE\u00d1A CEREZO mit Wohnsitz in C\/MARTINEZ IZQUIERDO 45 6\u00baA...","og_url":"https:\/\/lacasonadelagaraba.com\/de\/aviso-legal\/","og_site_name":"La Casona de La Garaba","article_modified_time":"2026-04-08T09:07:00+00:00","twitter_card":"summary_large_image","twitter_misc":{"Est. reading time":"5 minutes"},"schema":{"@context":"https:\/\/schema.org","@graph":[{"@type":"WebPage","@id":"https:\/\/lacasonadelagaraba.com\/de\/aviso-legal\/","url":"https:\/\/lacasonadelagaraba.com\/de\/aviso-legal\/","name":"Rechtlicher Hinweis | La Casona de La Garaba","isPartOf":{"@id":"https:\/\/lacasonadelagaraba.com\/#website"},"datePublished":"2025-08-17T17:11:50+00:00","dateModified":"2026-04-08T09:07:00+00:00","breadcrumb":{"@id":"https:\/\/lacasonadelagaraba.com\/de\/aviso-legal\/#breadcrumb"},"inLanguage":"de-DE","potentialAction":[{"@type":"ReadAction","target":["https:\/\/lacasonadelagaraba.com\/de\/aviso-legal\/"]}]},{"@type":"BreadcrumbList","@id":"https:\/\/lacasonadelagaraba.com\/de\/aviso-legal\/#breadcrumb","itemListElement":[{"@type":"ListItem","position":1,"name":"Portada","item":"https:\/\/lacasonadelagaraba.com\/de\/"},{"@type":"ListItem","position":2,"name":"Rechtlicher Hinweis"}]},{"@type":"WebSite","@id":"https:\/\/lacasonadelagaraba.com\/#website","url":"https:\/\/lacasonadelagaraba.com\/","name":"La Casona de La Garaba","description":"Tu refugio asturiano en plena naturaleza","publisher":{"@id":"https:\/\/lacasonadelagaraba.com\/#organization"},"alternateName":"Casa Dos Peixi\u00f1os","potentialAction":[{"@type":"SearchAction","target":{"@type":"EntryPoint","urlTemplate":"https:\/\/lacasonadelagaraba.com\/?s={search_term_string}"},"query-input":{"@type":"PropertyValueSpecification","valueRequired":true,"valueName":"search_term_string"}}],"inLanguage":"de-DE"},{"@type":"Organization","@id":"https:\/\/lacasonadelagaraba.com\/#organization","name":"La Casona de La Garaba","url":"https:\/\/lacasonadelagaraba.com\/","logo":{"@type":"ImageObject","inLanguage":"de-DE","@id":"https:\/\/lacasonadelagaraba.com\/#\/schema\/logo\/image\/","url":"https:\/\/lacasonadelagaraba.com\/wp-content\/uploads\/2026\/01\/Logo-La-Garaba-HZ-cabecera.png","contentUrl":"https:\/\/lacasonadelagaraba.com\/wp-content\/uploads\/2026\/01\/Logo-La-Garaba-HZ-cabecera.png","width":466,"height":200,"caption":"La Casona de La Garaba"},"image":{"@id":"https:\/\/lacasonadelagaraba.com\/#\/schema\/logo\/image\/"},"sameAs":["https:\/\/www.airbnb.es\/rooms\/11895052?guests=1&adults=1&s=67&unique_share_id=d361752a-f24f-4ecc-9142-e0c1ad33d4c1"]}]}},"_links":{"self":[{"href":"https:\/\/lacasonadelagaraba.com\/de\/wp-json\/wp\/v2\/pages\/914","targetHints":{"allow":["GET"]}}],"collection":[{"href":"https:\/\/lacasonadelagaraba.com\/de\/wp-json\/wp\/v2\/pages"}],"about":[{"href":"https:\/\/lacasonadelagaraba.com\/de\/wp-json\/wp\/v2\/types\/page"}],"author":[{"embeddable":true,"href":"https:\/\/lacasonadelagaraba.com\/de\/wp-json\/wp\/v2\/users\/1"}],"replies":[{"embeddable":true,"href":"https:\/\/lacasonadelagaraba.com\/de\/wp-json\/wp\/v2\/comments?post=914"}],"version-history":[{"count":1,"href":"https:\/\/lacasonadelagaraba.com\/de\/wp-json\/wp\/v2\/pages\/914\/revisions"}],"predecessor-version":[{"id":998,"href":"https:\/\/lacasonadelagaraba.com\/de\/wp-json\/wp\/v2\/pages\/914\/revisions\/998"}],"wp:attachment":[{"href":"https:\/\/lacasonadelagaraba.com\/de\/wp-json\/wp\/v2\/media?parent=914"}],"curies":[{"name":"wp","href":"https:\/\/api.w.org\/{rel}","templated":true}]}}