{"id":939,"date":"2022-03-18T07:59:13","date_gmt":"2022-03-18T07:59:13","guid":{"rendered":"https:\/\/lacasonadelagaraba.com\/casa\/"},"modified":"2026-04-08T11:17:06","modified_gmt":"2026-04-08T09:17:06","slug":"casa","status":"publish","type":"page","link":"https:\/\/lacasonadelagaraba.com\/de\/casa\/","title":{"rendered":"Das Haus"},"content":{"rendered":"[vc_row type=&#8221;in_container&#8221; full_screen_row_position=&#8221;middle&#8221; column_margin=&#8221;default&#8221; column_direction=&#8221;default&#8221; column_direction_tablet=&#8221;default&#8221; column_direction_phone=&#8221;default&#8221; scene_position=&#8221;center&#8221; text_color=&#8221;dark&#8221; text_align=&#8221;left&#8221; row_border_radius=&#8221;none&#8221; row_border_radius_applies=&#8221;bg&#8221; overflow=&#8221;visible&#8221; overlay_strength=&#8221;0.3&#8243; gradient_direction=&#8221;left_to_right&#8221; shape_divider_position=&#8221;bottom&#8221; bg_image_animation=&#8221;none&#8221;][vc_column column_padding=&#8221;no-extra-padding&#8221; column_padding_tablet=&#8221;inherit&#8221; column_padding_phone=&#8221;inherit&#8221; column_padding_position=&#8221;all&#8221; column_element_direction_desktop=&#8221;default&#8221; column_element_spacing=&#8221;default&#8221; desktop_text_alignment=&#8221;default&#8221; tablet_text_alignment=&#8221;default&#8221; phone_text_alignment=&#8221;default&#8221; background_color_opacity=&#8221;1&#8243; background_hover_color_opacity=&#8221;1&#8243; column_backdrop_filter=&#8221;none&#8221; column_shadow=&#8221;none&#8221; column_border_radius=&#8221;none&#8221; column_link_target=&#8221;_self&#8221; column_position=&#8221;default&#8221; gradient_direction=&#8221;left_to_right&#8221; overlay_strength=&#8221;0.3&#8243; width=&#8221;1\/1&#8243; tablet_width_inherit=&#8221;default&#8221; animation_type=&#8221;default&#8221; bg_image_animation=&#8221;none&#8221; border_type=&#8221;simple&#8221; column_border_width=&#8221;none&#8221; column_border_style=&#8221;solid&#8221;][vc_column_text css=&#8221;&#8221; text_direction=&#8221;default&#8221;]\n<div class=\"n module-type-header diyfeLiveArea \">\n<h2><span class=\"diyfeDecoration\">LA CASONA DE LA GARABA:<\/span><\/h2>\n<div class=\"n module-type-header diyfeLiveArea \">\n<h3><span class=\"diyfeDecoration\"><span dir=\"auto\">Urlaub in der Natur<\/span><\/span><\/h3>\n<\/div>\n<div class=\"n module-type-text diyfeLiveArea \">\n<p><span dir=\"auto\">Das Haus wurde mit all seinem Charme erhalten und mit allem Komfort ausgestattet, ohne dabei seinen besonderen Charakter und seine einzigartige Atmosph\u00e4re einzub\u00fc\u00dfen.<\/span><\/p>\n<p><span dir=\"auto\">Genie\u00dfen Sie Ihren Urlaub mit Familie oder Freunden, entspannen Sie sich, unternehmen Sie Ausfl\u00fcge, spazieren Sie oder wandern Sie.<\/span><\/p>\n<p><strong><span dir=\"auto\">In LA CASONA DE LA GARABA<\/span><\/strong><span dir=\"auto\">\u00a0\u00a0k\u00f6nnen Sie Ihre Zeit genie\u00dfen. Ihnen stehen alle Vorz\u00fcge eines Landhauses inmitten der Natur zur Verf\u00fcgung.<\/span><\/p>\n<p>&nbsp;<\/p>\n<h3><strong><span dir=\"auto\">Die Vorteile von\u00a0\u00a0<\/span><\/strong><strong><span dir=\"auto\">LA CASONA DE LA GARABA<\/span><\/strong><span dir=\"auto\">\u00a0im \u00dcberblick .<\/span><\/h3>\n<ul>\n<li><span dir=\"auto\">Ruhige Lage inmitten der Natur.<\/span><\/li>\n<li><span dir=\"auto\">Gro\u00dfe Auswahl an Aktivit\u00e4ten.<\/span><\/li>\n<li><span dir=\"auto\">Hochwertige Ausstattung. (2 Kamine, Galerie mit Spielzimmer und Fernseher, Terrasse, Veranda, Grillplatz\u2026)<\/span><\/li>\n<\/ul>\n<\/div>\n<\/div>\n[\/vc_column_text][divider line_type=&#8221;Full Width Line&#8221; line_thickness=&#8221;1&#8243; divider_color=&#8221;extra-color-2&#8243; custom_height=&#8221;30&#8243;][vc_column_text css=&#8221;&#8221; text_direction=&#8221;default&#8221;]\n<h2><span class=\"diyfeDecoration\"><span dir=\"auto\">Bildergalerie<\/span><\/span><\/h2>\n<h3><span class=\"diyfeDecoration\"><span dir=\"auto\">Ein Rundgang durch LA CASONA DE LA GARABA<\/span><\/span><\/h3>\n[\/vc_column_text][divider line_type=&#8221;No Line&#8221; custom_height=&#8221;15&#8243;][vc_gallery css=&#8221;&#8221; type=&#8221;image_grid&#8221; images=&#8221;547,551,555,559,563,567,571,575,579,583,587,591,595,599,603,607,611,615&#8243; image_grid_loading=&#8221;default&#8221; layout=&#8221;4&#8243; item_spacing=&#8221;default&#8221; gallery_style=&#8221;7&#8243; load_in_animation=&#8221;none&#8221;][\/vc_column][\/vc_row]\n","protected":false},"excerpt":{"rendered":"<p>[vc_row type=&#8221;in_container&#8221; full_screen_row_position=&#8221;middle&#8221; column_margin=&#8221;default&#8221; column_direction=&#8221;default&#8221; column_direction_tablet=&#8221;default&#8221; column_direction_phone=&#8221;default&#8221; scene_position=&#8221;center&#8221; text_color=&#8221;dark&#8221; text_align=&#8221;left&#8221; row_border_radius=&#8221;none&#8221; row_border_radius_applies=&#8221;bg&#8221; overflow=&#8221;visible&#8221; overlay_strength=&#8221;0.3&#8243; gradient_direction=&#8221;left_to_right&#8221; shape_divider_position=&#8221;bottom&#8221; bg_image_animation=&#8221;none&#8221;][vc_column column_padding=&#8221;no-extra-padding&#8221; column_padding_tablet=&#8221;inherit&#8221; column_padding_phone=&#8221;inherit&#8221; column_padding_position=&#8221;all&#8221; column_element_direction_desktop=&#8221;default&#8221; column_element_spacing=&#8221;default&#8221; desktop_text_alignment=&#8221;default&#8221; tablet_text_alignment=&#8221;default&#8221; phone_text_alignment=&#8221;default&#8221; background_color_opacity=&#8221;1&#8243; background_hover_color_opacity=&#8221;1&#8243; column_backdrop_filter=&#8221;none&#8221; column_shadow=&#8221;none&#8221;&#8230;<\/p>\n","protected":false},"author":1,"featured_media":0,"parent":0,"menu_order":0,"comment_status":"closed","ping_status":"closed","template":"page-left-sidebar.php","meta":{"footnotes":""},"class_list":["post-939","page","type-page","status-publish"],"yoast_head":"<!-- This site is optimized with the Yoast SEO plugin v27.3 - https:\/\/yoast.com\/product\/yoast-seo-wordpress\/ -->\n<title>La Casa | Alojamiento rural para 14 personas con jard\u00edn en Asturias<\/title>\n<meta name=\"description\" content=\"Descubre nuestras instalaciones: 7 habitaciones, chimenea, jard\u00edn y barbacoa. Alquiler \u00edntegro en Grado con capacidad para 14 personas.\" \/>\n<meta name=\"robots\" content=\"index, follow, max-snippet:-1, max-image-preview:large, max-video-preview:-1\" \/>\n<link rel=\"canonical\" href=\"https:\/\/lacasonadelagaraba.com\/de\/casa\/\" \/>\n<meta property=\"og:locale\" content=\"de_DE\" \/>\n<meta property=\"og:type\" content=\"article\" \/>\n<meta property=\"og:title\" content=\"La Casa | Alojamiento rural para 14 personas con jard\u00edn en Asturias\" \/>\n<meta property=\"og:description\" content=\"Descubre nuestras instalaciones: 7 habitaciones, chimenea, jard\u00edn y barbacoa. Alquiler \u00edntegro en Grado con capacidad para 14 personas.\" \/>\n<meta property=\"og:url\" content=\"https:\/\/lacasonadelagaraba.com\/de\/casa\/\" \/>\n<meta property=\"og:site_name\" content=\"La Casona de La Garaba\" \/>\n<meta property=\"article:modified_time\" content=\"2026-04-08T09:17:06+00:00\" \/>\n<meta name=\"twitter:card\" content=\"summary_large_image\" \/>\n<meta name=\"twitter:label1\" content=\"Est. reading time\" \/>\n\t<meta name=\"twitter:data1\" content=\"1 minute\" \/>\n<script type=\"application\/ld+json\" class=\"yoast-schema-graph\">{\"@context\":\"https:\\\/\\\/schema.org\",\"@graph\":[{\"@type\":\"WebPage\",\"@id\":\"https:\\\/\\\/lacasonadelagaraba.com\\\/de\\\/casa\\\/\",\"url\":\"https:\\\/\\\/lacasonadelagaraba.com\\\/de\\\/casa\\\/\",\"name\":\"La Casa | Alojamiento rural para 14 personas con jard\u00edn en Asturias\",\"isPartOf\":{\"@id\":\"https:\\\/\\\/lacasonadelagaraba.com\\\/#website\"},\"datePublished\":\"2022-03-18T07:59:13+00:00\",\"dateModified\":\"2026-04-08T09:17:06+00:00\",\"description\":\"Descubre nuestras instalaciones: 7 habitaciones, chimenea, jard\u00edn y barbacoa. Alquiler \u00edntegro en Grado con capacidad para 14 personas.\",\"breadcrumb\":{\"@id\":\"https:\\\/\\\/lacasonadelagaraba.com\\\/de\\\/casa\\\/#breadcrumb\"},\"inLanguage\":\"de-DE\",\"potentialAction\":[{\"@type\":\"ReadAction\",\"target\":[\"https:\\\/\\\/lacasonadelagaraba.com\\\/de\\\/casa\\\/\"]}]},{\"@type\":\"BreadcrumbList\",\"@id\":\"https:\\\/\\\/lacasonadelagaraba.com\\\/de\\\/casa\\\/#breadcrumb\",\"itemListElement\":[{\"@type\":\"ListItem\",\"position\":1,\"name\":\"Portada\",\"item\":\"https:\\\/\\\/lacasonadelagaraba.com\\\/de\\\/\"},{\"@type\":\"ListItem\",\"position\":2,\"name\":\"Das Haus\"}]},{\"@type\":\"WebSite\",\"@id\":\"https:\\\/\\\/lacasonadelagaraba.com\\\/#website\",\"url\":\"https:\\\/\\\/lacasonadelagaraba.com\\\/\",\"name\":\"La Casona de La Garaba\",\"description\":\"Tu refugio asturiano en plena naturaleza\",\"publisher\":{\"@id\":\"https:\\\/\\\/lacasonadelagaraba.com\\\/#organization\"},\"alternateName\":\"Casa Dos Peixi\u00f1os\",\"potentialAction\":[{\"@type\":\"SearchAction\",\"target\":{\"@type\":\"EntryPoint\",\"urlTemplate\":\"https:\\\/\\\/lacasonadelagaraba.com\\\/?s={search_term_string}\"},\"query-input\":{\"@type\":\"PropertyValueSpecification\",\"valueRequired\":true,\"valueName\":\"search_term_string\"}}],\"inLanguage\":\"de-DE\"},{\"@type\":\"Organization\",\"@id\":\"https:\\\/\\\/lacasonadelagaraba.com\\\/#organization\",\"name\":\"La Casona de La Garaba\",\"url\":\"https:\\\/\\\/lacasonadelagaraba.com\\\/\",\"logo\":{\"@type\":\"ImageObject\",\"inLanguage\":\"de-DE\",\"@id\":\"https:\\\/\\\/lacasonadelagaraba.com\\\/#\\\/schema\\\/logo\\\/image\\\/\",\"url\":\"https:\\\/\\\/lacasonadelagaraba.com\\\/wp-content\\\/uploads\\\/2026\\\/01\\\/Logo-La-Garaba-HZ-cabecera.png\",\"contentUrl\":\"https:\\\/\\\/lacasonadelagaraba.com\\\/wp-content\\\/uploads\\\/2026\\\/01\\\/Logo-La-Garaba-HZ-cabecera.png\",\"width\":466,\"height\":200,\"caption\":\"La Casona de La Garaba\"},\"image\":{\"@id\":\"https:\\\/\\\/lacasonadelagaraba.com\\\/#\\\/schema\\\/logo\\\/image\\\/\"},\"sameAs\":[\"https:\\\/\\\/www.airbnb.es\\\/rooms\\\/11895052?guests=1&adults=1&s=67&unique_share_id=d361752a-f24f-4ecc-9142-e0c1ad33d4c1\"]}]}<\/script>\n<!-- \/ Yoast SEO plugin. -->","yoast_head_json":{"title":"La Casa | Alojamiento rural para 14 personas con jard\u00edn en Asturias","description":"Descubre nuestras instalaciones: 7 habitaciones, chimenea, jard\u00edn y barbacoa. Alquiler \u00edntegro en Grado con capacidad para 14 personas.","robots":{"index":"index","follow":"follow","max-snippet":"max-snippet:-1","max-image-preview":"max-image-preview:large","max-video-preview":"max-video-preview:-1"},"canonical":"https:\/\/lacasonadelagaraba.com\/de\/casa\/","og_locale":"de_DE","og_type":"article","og_title":"La Casa | Alojamiento rural para 14 personas con jard\u00edn en Asturias","og_description":"Descubre nuestras instalaciones: 7 habitaciones, chimenea, jard\u00edn y barbacoa. Alquiler \u00edntegro en Grado con capacidad para 14 personas.","og_url":"https:\/\/lacasonadelagaraba.com\/de\/casa\/","og_site_name":"La Casona de La Garaba","article_modified_time":"2026-04-08T09:17:06+00:00","twitter_card":"summary_large_image","twitter_misc":{"Est. reading time":"1 minute"},"schema":{"@context":"https:\/\/schema.org","@graph":[{"@type":"WebPage","@id":"https:\/\/lacasonadelagaraba.com\/de\/casa\/","url":"https:\/\/lacasonadelagaraba.com\/de\/casa\/","name":"La Casa | Alojamiento rural para 14 personas con jard\u00edn en Asturias","isPartOf":{"@id":"https:\/\/lacasonadelagaraba.com\/#website"},"datePublished":"2022-03-18T07:59:13+00:00","dateModified":"2026-04-08T09:17:06+00:00","description":"Descubre nuestras instalaciones: 7 habitaciones, chimenea, jard\u00edn y barbacoa. Alquiler \u00edntegro en Grado con capacidad para 14 personas.","breadcrumb":{"@id":"https:\/\/lacasonadelagaraba.com\/de\/casa\/#breadcrumb"},"inLanguage":"de-DE","potentialAction":[{"@type":"ReadAction","target":["https:\/\/lacasonadelagaraba.com\/de\/casa\/"]}]},{"@type":"BreadcrumbList","@id":"https:\/\/lacasonadelagaraba.com\/de\/casa\/#breadcrumb","itemListElement":[{"@type":"ListItem","position":1,"name":"Portada","item":"https:\/\/lacasonadelagaraba.com\/de\/"},{"@type":"ListItem","position":2,"name":"Das Haus"}]},{"@type":"WebSite","@id":"https:\/\/lacasonadelagaraba.com\/#website","url":"https:\/\/lacasonadelagaraba.com\/","name":"La Casona de La Garaba","description":"Tu refugio asturiano en plena naturaleza","publisher":{"@id":"https:\/\/lacasonadelagaraba.com\/#organization"},"alternateName":"Casa Dos Peixi\u00f1os","potentialAction":[{"@type":"SearchAction","target":{"@type":"EntryPoint","urlTemplate":"https:\/\/lacasonadelagaraba.com\/?s={search_term_string}"},"query-input":{"@type":"PropertyValueSpecification","valueRequired":true,"valueName":"search_term_string"}}],"inLanguage":"de-DE"},{"@type":"Organization","@id":"https:\/\/lacasonadelagaraba.com\/#organization","name":"La Casona de La Garaba","url":"https:\/\/lacasonadelagaraba.com\/","logo":{"@type":"ImageObject","inLanguage":"de-DE","@id":"https:\/\/lacasonadelagaraba.com\/#\/schema\/logo\/image\/","url":"https:\/\/lacasonadelagaraba.com\/wp-content\/uploads\/2026\/01\/Logo-La-Garaba-HZ-cabecera.png","contentUrl":"https:\/\/lacasonadelagaraba.com\/wp-content\/uploads\/2026\/01\/Logo-La-Garaba-HZ-cabecera.png","width":466,"height":200,"caption":"La Casona de La Garaba"},"image":{"@id":"https:\/\/lacasonadelagaraba.com\/#\/schema\/logo\/image\/"},"sameAs":["https:\/\/www.airbnb.es\/rooms\/11895052?guests=1&adults=1&s=67&unique_share_id=d361752a-f24f-4ecc-9142-e0c1ad33d4c1"]}]}},"_links":{"self":[{"href":"https:\/\/lacasonadelagaraba.com\/de\/wp-json\/wp\/v2\/pages\/939","targetHints":{"allow":["GET"]}}],"collection":[{"href":"https:\/\/lacasonadelagaraba.com\/de\/wp-json\/wp\/v2\/pages"}],"about":[{"href":"https:\/\/lacasonadelagaraba.com\/de\/wp-json\/wp\/v2\/types\/page"}],"author":[{"embeddable":true,"href":"https:\/\/lacasonadelagaraba.com\/de\/wp-json\/wp\/v2\/users\/1"}],"replies":[{"embeddable":true,"href":"https:\/\/lacasonadelagaraba.com\/de\/wp-json\/wp\/v2\/comments?post=939"}],"version-history":[{"count":2,"href":"https:\/\/lacasonadelagaraba.com\/de\/wp-json\/wp\/v2\/pages\/939\/revisions"}],"predecessor-version":[{"id":1009,"href":"https:\/\/lacasonadelagaraba.com\/de\/wp-json\/wp\/v2\/pages\/939\/revisions\/1009"}],"wp:attachment":[{"href":"https:\/\/lacasonadelagaraba.com\/de\/wp-json\/wp\/v2\/media?parent=939"}],"curies":[{"name":"wp","href":"https:\/\/api.w.org\/{rel}","templated":true}]}}