{"id":949,"date":"2025-08-17T17:14:01","date_gmt":"2025-08-17T17:14:01","guid":{"rendered":"https:\/\/lacasonadelagaraba.com\/politica-de-cookies\/"},"modified":"2026-04-08T11:19:47","modified_gmt":"2026-04-08T09:19:47","slug":"politica-de-cookies","status":"publish","type":"page","link":"https:\/\/lacasonadelagaraba.com\/de\/politica-de-cookies\/","title":{"rendered":"Cookie-Richtlinie"},"content":{"rendered":"<h1><span dir=\"auto\">Cookie-Richtlinie<\/span><\/h1>\n<p>&nbsp;<\/p>\n<p><span dir=\"auto\">Diese Website verwendet Cookies.<\/span><br \/>\n<span dir=\"auto\">Gem\u00e4\u00df dem spanischen Gesetz \u00fcber Dienste der Informationsgesellschaft und des elektronischen Gesch\u00e4ftsverkehrs (LSSI) sind Website-Betreiber verpflichtet, Nutzer vor der Verwendung von Cookies zu informieren und deren Einwilligung einzuholen. Allerdings ist nicht f\u00fcr alle Cookies eine Einwilligung erforderlich.<\/span><br \/>\n<span dir=\"auto\">Diese Website dient dazu, Sie \u00fcber die Verwendung von Cookies auf dieser Website zu informieren, damit Sie Ihre informierte Einwilligung erteilen k\u00f6nnen.<\/span><\/p>\n<p><b><i><span dir=\"auto\">Wie bitten wir Sie um Ihre Zustimmung zur Verwendung von Cookies auf unserer Website?<\/span><\/i><\/b><br \/>\n<span dir=\"auto\">Beim ersten Besuch unserer Website sehen Sie ein Banner oder eine Anzeige mit folgendem Text: \u201eDiese Website verwendet Cookies. Durch die weitere Nutzung stimmen Sie deren Verwendung zu (klicken Sie auf die Schaltfl\u00e4che \u201aZustimmen\u2018). Erfahren Sie mehr \u00fcber Cookies.\u201c Ab diesem Zeitpunkt entscheiden Sie selbst, ob Sie unsere Website weiter nutzen oder sie verlassen m\u00f6chten, weil Sie keine Cookies w\u00fcnschen.<\/span><\/p>\n<p><b><i><span dir=\"auto\">Was sind Cookies?<\/span><\/i><\/b><br \/>\n<span dir=\"auto\">Cookies sind kleine Dateien, die von besuchten Websites an Ihren Computer gesendet und dort gespeichert werden. Cookies werden im Dateiverzeichnis Ihres Browsers gespeichert.<\/span><\/p>\n<p><i><span dir=\"auto\">Wozu dienen Cookies?<\/span><\/i><br \/>\n<span dir=\"auto\">Cookies werden verwendet, um das Surferlebnis des Nutzers zu personalisieren und zu optimieren. Cookies sind ausschlie\u00dflich einem anonymen Nutzer und dessen Computer zugeordnet und liefern keinerlei Informationen, die zur Identifizierung des Nutzers verwendet werden k\u00f6nnten.<\/span><\/p>\n<p><b><i><span dir=\"auto\">Sind Kekse gef\u00e4hrlich?<\/span><\/i><\/b><br \/>\n<span dir=\"auto\">Nein.<\/span><\/p>\n<p><span dir=\"auto\">Cookies sind kleine Textdateien. Sie sind keine Computerprogramme, die als Code ausgef\u00fchrt werden k\u00f6nnen. Hier ist ein Beispiel f\u00fcr den Inhalt eines typischen Cookies:<\/span><\/p>\n<p><span dir=\"auto\">HMP1 1 hotmail.msn.com\/ 0 1715191808<\/span><br \/>\n<span dir=\"auto\">32107852 1236821008 29449527 *<\/span><br \/>\n<span dir=\"auto\">Dieser Code ist nur f\u00fcr die MSN Hotmail-Server von Microsoft relevant.<\/span><br \/>\n<span dir=\"auto\">Cookies k\u00f6nnen nicht zur Verbreitung von Viren verwendet werden.<\/span><br \/>\n<span dir=\"auto\">Sie werden auf der Festplatte Ihres Computers gespeichert und k\u00f6nnen keine anderen dort gespeicherten Informationen lesen.<\/span><br \/>\n<span dir=\"auto\">Webbrowser bieten Nutzern zudem M\u00f6glichkeiten, die Verwendung von Cookies zu steuern.<\/span><\/p>\n<p><b><i><span dir=\"auto\">Welche Arten von Cookies werden \u00fcblicherweise verwendet?<\/span><\/i><\/b><br \/>\n<span dir=\"auto\">Cookies lassen sich auf verschiedene Weise klassifizieren.<\/span><br \/>\n<b><span dir=\"auto\">1. Aus Sicht der Nutzereinwilligung k\u00f6nnen sie wie folgt eingeteilt werden:<\/span><\/b><br \/>\n<span dir=\"auto\">Unbedingt notwendige Cookies, die keiner Nutzereinwilligung bed\u00fcrfen.<\/span><br \/>\n<span dir=\"auto\">Diese Cookies dienen einem der folgenden Zwecke:<\/span><br \/>\n<span dir=\"auto\">Erm\u00f6glichung der Kommunikation zwischen dem Ger\u00e4t des Nutzers und dem Netzwerk. Bereitstellung<\/span><br \/>\n<span dir=\"auto\">eines vom Nutzer ausdr\u00fccklich angeforderten Dienstes.<\/span><br \/>\n<span dir=\"auto\">Die Artikel-29-Datenschutzgruppe hat in ihrer Stellungnahme 4\/2012 ausgelegt, dass zu den ausgenommenen Cookies auch solche geh\u00f6ren, deren Zweck folgender ist:<\/span><\/p>\n<p><span dir=\"auto\">Cookies f\u00fcr Benutzereingaben<\/span><br \/>\n<span dir=\"auto\">; Authentifizierungs- oder Benutzeridentifizierungs-Cookies (nur Sitzungs-Cookies);<\/span><br \/>\n<span dir=\"auto\">Sicherheits-Cookies;<\/span><br \/>\n<span dir=\"auto\">Sitzungs-Cookies f\u00fcr Mediaplayer<\/span><br \/>\n<span dir=\"auto\">; Sitzungs-Cookies f\u00fcr Lastverteilung<\/span><br \/>\n<span dir=\"auto\">; Cookies zur Anpassung der Benutzeroberfl\u00e4che;<\/span><br \/>\n<span dir=\"auto\">Cookies von Plugins zum Teilen von Inhalten in sozialen Netzwerken;<\/span><br \/>\n<span dir=\"auto\">Cookies, die die Zustimmung des Benutzers erfordern.<\/span><br \/>\n<span dir=\"auto\">Dies sind alle weiteren Cookies, die nicht im vorherigen Abschnitt aufgef\u00fchrt sind.<\/span><\/p>\n<p><b><span dir=\"auto\">2. Nach Verwendungszweck:<\/span><\/b><br \/>\n<span dir=\"auto\">Technische Cookies,<\/span><br \/>\n<span dir=\"auto\">Personalisierungs-Cookies,<\/span><br \/>\n<span dir=\"auto\">Analyse-Cookies,<\/span><br \/>\n<span dir=\"auto\">Werbe-Cookies,<\/span><br \/>\n<span dir=\"auto\">Cookies f\u00fcr verhaltensbasierte Werbung<\/span><\/p>\n<p><b><span dir=\"auto\">3. \u2013 Basierend auf der Zeit, die sie auf dem Ger\u00e4t des Nutzers aktiv bleiben:<\/span><\/b><br \/>\n<span dir=\"auto\">Sitzungs-Cookies,<\/span><br \/>\n<span dir=\"auto\">persistente Cookies<\/span><\/p>\n<p><b><span dir=\"auto\">4. Je nach verwaltender Stelle<\/span><\/b><br \/>\n<span dir=\"auto\">: Erstanbieter-Cookies: Diese werden vom Herausgeber selbst an das Endger\u00e4t des Nutzers gesendet, dessen Computer oder Domain von diesem verwaltet wird und \u00fcber die der vom Nutzer angeforderte Dienst bereitgestellt wird.<\/span><br \/>\n<span dir=\"auto\">Drittanbieter-Cookies: Diese werden vom Herausgeber selbst an das Endger\u00e4t des Nutzers gesendet, dessen Computer oder Domain nicht von diesem verwaltet wird, sondern von einem anderen Unternehmen, das die durch die Cookies gewonnenen Daten verarbeitet.<\/span><br \/>\n<span dir=\"auto\">Werden Cookies zwar vom Herausgeber selbst installiert, die durch sie gesammelten Informationen jedoch von einem Dritten verwaltet, gelten sie nicht als Erstanbieter-Cookies.<\/span><\/p>\n<p><b><i><span dir=\"auto\">Welche Arten von Cookies verwendet diese Website?<\/span><\/i><\/b><br \/>\n<span dir=\"auto\">Diese Website verwendet:<\/span><br \/>\n<span dir=\"auto\">Technische Cookies, die f\u00fcr das ordnungsgem\u00e4\u00dfe Funktionieren unserer Website unbedingt erforderlich sind.<\/span><br \/>\n<span dir=\"auto\">Dazu geh\u00f6ren beispielsweise Cookies f\u00fcr die Benutzerregistrierung und die Verwaltung des Warenkorbs.<\/span><br \/>\n<span dir=\"auto\">WordPress-Cookies erleichtern die Navigation auf unserer Website.<\/span><br \/>\n<span dir=\"auto\">PayPal-Cookies dienen der Zahlungsabwicklung.<\/span><br \/>\n<span dir=\"auto\">Social-Media-Cookies sind f\u00fcr externe soziale Netzwerke erforderlich<\/span><br \/>\n<span dir=\"auto\">. Analyse-Cookies werden von Google Analytics verwendet. Weitere Informationen zu Google Analytics-Cookies finden Sie hier:<\/span><br \/>\n<a href=\"https:\/\/developers.google.com\/analytics\/devguides\/collection\/analyticsjs\/cookie-usage\"><span dir=\"auto\">https:\/\/developers.google.com\/analytics\/devguides\/collection\/analyticsjs\/cookie-usage<\/span><\/a><br \/>\n<span dir=\"auto\">. YouTube-Cookies werden verwendet, um Videos auf unserer Website einzubetten.<\/span><\/p>\n<p><b><i><span dir=\"auto\">Wie lassen sich Cookies in Browsern verwalten\/blockieren?<\/span><\/i><\/b><br \/>\n<span dir=\"auto\">Alle Browser erm\u00f6glichen die Verwaltung von Datenschutzeinstellungen und Cookie-Nutzung, bis hin zur vollst\u00e4ndigen Blockierung von Cookies.<\/span><br \/>\n<span dir=\"auto\">Wir haben Links mit Informationen f\u00fcr verschiedene Browser hinzugef\u00fcgt:<\/span><br \/>\n<span dir=\"auto\">Google Chrome\u00a0<\/span><a href=\"https:\/\/support.google.com\/chrome\/answer\/95647?hl=es\"><span dir=\"auto\">\u00a0https:\/\/support.google.com\/chrome\/answer\/95647?hl=es<\/span><\/a><br \/>\n<span dir=\"auto\">Firefox<\/span><br \/>\n<a href=\"http:\/\/support.mozilla.org\/es\/kb\/configuracion-de-la-privacidad-el-historial-de-nav?redirectlocale=es&amp;as=u&amp;redirectslug=Ventana+Opciones+-+Panel+Privacidad\"><span dir=\"auto\">http:\/\/support.mozilla.org\/es\/kb\/configuracion-de-la-privacidad-el-historial-de-nav?redirectlocale=es&amp;as=u&amp;redirectslug=Ventana+Opciones+-+Panel+Privacidad<\/span><\/a><br \/>\n<a href=\"http:\/\/support.mozilla.org\/es\/kb\/cookies-informacion-que-los-sitios-web-guardan-en-?redirectlocale=en-US&amp;redirectslug=Cookies\"><span dir=\"auto\">http:\/\/support.mozilla.org\/es\/kb\/cookies-informacion-que-los-sitios-web-guardan-en-?redirectlocale=en-US&amp;redirectslug=Cookies<\/span><\/a><br \/>\n<span dir=\"auto\">Internet Explorer\u00a0<\/span><a href=\"http:\/\/support.mozilla.org\/es\/kb\/cookies-informacion-que-los-sitios-web-guardan-en-?redirectlocale=en-US&amp;redirectslug=Cookies\"><span dir=\"auto\">\u00a0http:\/\/windows.microsoft.com\/es-ES\/windows7\/How-to-manage-cookies-in-Internet-Explorer-9<\/span><\/a><br \/>\n<span dir=\"auto\">Safari http:\/\/support.apple.com\/kb\/PH5042<\/span><br \/>\n<span dir=\"auto\">Google hat ein Browser-Add-on zum Deaktivieren von Google Analytics entwickelt, das Sie \u00fcber folgenden Link aufrufen k\u00f6nnen: Link:\u00a0<\/span><a href=\"https:\/\/tools.google.com\/dlpage\/gaoptout\"><span dir=\"auto\">\u00a0https:\/\/tools.google.com\/dlpage\/gaoptout<\/span><\/a><\/p>\n<p><b><i><span dir=\"auto\">Weitere Informationen zu Cookies:<\/span><\/i><\/b><br \/>\n<span dir=\"auto\">Leitfaden der AEPD zur Verwendung von Cookies<\/span><br \/>\n<a href=\"http:\/\/www.agpd.es\/portalwebAGPD\/canaldocumentacion\/publicaciones\/common\/Guias\/Guia_Cookies.pdf%3C\/a%3E\"><span dir=\"auto\">: http:\/\/www.agpd.es\/portalwebAGPD\/canaldocumentacion\/publicaciones\/common\/Guias\/Guia_Cookies.pdf<\/span><\/a><br \/>\n<span dir=\"auto\">Eine Website mit vielen Informationen zu Cookies finden Sie hier:<\/span><br \/>\n<a href=\"http:\/\/www.aboutcookies.org\/default.aspx\"><span dir=\"auto\">http:\/\/www.aboutcookies.org\/default.aspx<\/span><\/a><\/p>\n","protected":false},"excerpt":{"rendered":"<p>Cookie-Richtlinie &nbsp; Diese Website verwendet Cookies. Gem\u00e4\u00df dem spanischen Gesetz \u00fcber Dienste der Informationsgesellschaft und des elektronischen Gesch\u00e4ftsverkehrs (LSSI) sind Website-Betreiber verpflichtet, Nutzer vor der Verwendung von Cookies zu informieren&#8230;<\/p>\n","protected":false},"author":1,"featured_media":0,"parent":0,"menu_order":0,"comment_status":"closed","ping_status":"closed","template":"page-left-sidebar.php","meta":{"footnotes":""},"class_list":["post-949","page","type-page","status-publish"],"yoast_head":"<!-- This site is optimized with the Yoast SEO plugin v27.3 - https:\/\/yoast.com\/product\/yoast-seo-wordpress\/ -->\n<title>Cookie-Richtlinie | La Casona de La Garaba<\/title>\n<meta name=\"robots\" content=\"index, follow, max-snippet:-1, max-image-preview:large, max-video-preview:-1\" \/>\n<link rel=\"canonical\" href=\"https:\/\/lacasonadelagaraba.com\/de\/politica-de-cookies\/\" \/>\n<meta property=\"og:locale\" content=\"de_DE\" \/>\n<meta property=\"og:type\" content=\"article\" \/>\n<meta property=\"og:title\" content=\"Cookie-Richtlinie | La Casona de La Garaba\" \/>\n<meta property=\"og:description\" content=\"Cookie-Richtlinie &nbsp; Diese Website verwendet Cookies. Gem\u00e4\u00df dem spanischen Gesetz \u00fcber Dienste der Informationsgesellschaft und des elektronischen Gesch\u00e4ftsverkehrs (LSSI) sind Website-Betreiber verpflichtet, Nutzer vor der Verwendung von Cookies zu informieren...\" \/>\n<meta property=\"og:url\" content=\"https:\/\/lacasonadelagaraba.com\/de\/politica-de-cookies\/\" \/>\n<meta property=\"og:site_name\" content=\"La Casona de La Garaba\" \/>\n<meta property=\"article:modified_time\" content=\"2026-04-08T09:19:47+00:00\" \/>\n<meta name=\"twitter:card\" content=\"summary_large_image\" \/>\n<meta name=\"twitter:label1\" content=\"Est. reading time\" \/>\n\t<meta name=\"twitter:data1\" content=\"4 minutes\" \/>\n<script type=\"application\/ld+json\" class=\"yoast-schema-graph\">{\"@context\":\"https:\\\/\\\/schema.org\",\"@graph\":[{\"@type\":\"WebPage\",\"@id\":\"https:\\\/\\\/lacasonadelagaraba.com\\\/de\\\/politica-de-cookies\\\/\",\"url\":\"https:\\\/\\\/lacasonadelagaraba.com\\\/de\\\/politica-de-cookies\\\/\",\"name\":\"Cookie-Richtlinie | La Casona de La Garaba\",\"isPartOf\":{\"@id\":\"https:\\\/\\\/lacasonadelagaraba.com\\\/#website\"},\"datePublished\":\"2025-08-17T17:14:01+00:00\",\"dateModified\":\"2026-04-08T09:19:47+00:00\",\"breadcrumb\":{\"@id\":\"https:\\\/\\\/lacasonadelagaraba.com\\\/de\\\/politica-de-cookies\\\/#breadcrumb\"},\"inLanguage\":\"de-DE\",\"potentialAction\":[{\"@type\":\"ReadAction\",\"target\":[\"https:\\\/\\\/lacasonadelagaraba.com\\\/de\\\/politica-de-cookies\\\/\"]}]},{\"@type\":\"BreadcrumbList\",\"@id\":\"https:\\\/\\\/lacasonadelagaraba.com\\\/de\\\/politica-de-cookies\\\/#breadcrumb\",\"itemListElement\":[{\"@type\":\"ListItem\",\"position\":1,\"name\":\"Portada\",\"item\":\"https:\\\/\\\/lacasonadelagaraba.com\\\/de\\\/\"},{\"@type\":\"ListItem\",\"position\":2,\"name\":\"Cookie-Richtlinie\"}]},{\"@type\":\"WebSite\",\"@id\":\"https:\\\/\\\/lacasonadelagaraba.com\\\/#website\",\"url\":\"https:\\\/\\\/lacasonadelagaraba.com\\\/\",\"name\":\"La Casona de La Garaba\",\"description\":\"Tu refugio asturiano en plena naturaleza\",\"publisher\":{\"@id\":\"https:\\\/\\\/lacasonadelagaraba.com\\\/#organization\"},\"alternateName\":\"Casa Dos Peixi\u00f1os\",\"potentialAction\":[{\"@type\":\"SearchAction\",\"target\":{\"@type\":\"EntryPoint\",\"urlTemplate\":\"https:\\\/\\\/lacasonadelagaraba.com\\\/?s={search_term_string}\"},\"query-input\":{\"@type\":\"PropertyValueSpecification\",\"valueRequired\":true,\"valueName\":\"search_term_string\"}}],\"inLanguage\":\"de-DE\"},{\"@type\":\"Organization\",\"@id\":\"https:\\\/\\\/lacasonadelagaraba.com\\\/#organization\",\"name\":\"La Casona de La Garaba\",\"url\":\"https:\\\/\\\/lacasonadelagaraba.com\\\/\",\"logo\":{\"@type\":\"ImageObject\",\"inLanguage\":\"de-DE\",\"@id\":\"https:\\\/\\\/lacasonadelagaraba.com\\\/#\\\/schema\\\/logo\\\/image\\\/\",\"url\":\"https:\\\/\\\/lacasonadelagaraba.com\\\/wp-content\\\/uploads\\\/2026\\\/01\\\/Logo-La-Garaba-HZ-cabecera.png\",\"contentUrl\":\"https:\\\/\\\/lacasonadelagaraba.com\\\/wp-content\\\/uploads\\\/2026\\\/01\\\/Logo-La-Garaba-HZ-cabecera.png\",\"width\":466,\"height\":200,\"caption\":\"La Casona de La Garaba\"},\"image\":{\"@id\":\"https:\\\/\\\/lacasonadelagaraba.com\\\/#\\\/schema\\\/logo\\\/image\\\/\"},\"sameAs\":[\"https:\\\/\\\/www.airbnb.es\\\/rooms\\\/11895052?guests=1&adults=1&s=67&unique_share_id=d361752a-f24f-4ecc-9142-e0c1ad33d4c1\"]}]}<\/script>\n<!-- \/ Yoast SEO plugin. -->","yoast_head_json":{"title":"Cookie-Richtlinie | La Casona de La Garaba","robots":{"index":"index","follow":"follow","max-snippet":"max-snippet:-1","max-image-preview":"max-image-preview:large","max-video-preview":"max-video-preview:-1"},"canonical":"https:\/\/lacasonadelagaraba.com\/de\/politica-de-cookies\/","og_locale":"de_DE","og_type":"article","og_title":"Cookie-Richtlinie | La Casona de La Garaba","og_description":"Cookie-Richtlinie &nbsp; Diese Website verwendet Cookies. Gem\u00e4\u00df dem spanischen Gesetz \u00fcber Dienste der Informationsgesellschaft und des elektronischen Gesch\u00e4ftsverkehrs (LSSI) sind Website-Betreiber verpflichtet, Nutzer vor der Verwendung von Cookies zu informieren...","og_url":"https:\/\/lacasonadelagaraba.com\/de\/politica-de-cookies\/","og_site_name":"La Casona de La Garaba","article_modified_time":"2026-04-08T09:19:47+00:00","twitter_card":"summary_large_image","twitter_misc":{"Est. reading time":"4 minutes"},"schema":{"@context":"https:\/\/schema.org","@graph":[{"@type":"WebPage","@id":"https:\/\/lacasonadelagaraba.com\/de\/politica-de-cookies\/","url":"https:\/\/lacasonadelagaraba.com\/de\/politica-de-cookies\/","name":"Cookie-Richtlinie | La Casona de La Garaba","isPartOf":{"@id":"https:\/\/lacasonadelagaraba.com\/#website"},"datePublished":"2025-08-17T17:14:01+00:00","dateModified":"2026-04-08T09:19:47+00:00","breadcrumb":{"@id":"https:\/\/lacasonadelagaraba.com\/de\/politica-de-cookies\/#breadcrumb"},"inLanguage":"de-DE","potentialAction":[{"@type":"ReadAction","target":["https:\/\/lacasonadelagaraba.com\/de\/politica-de-cookies\/"]}]},{"@type":"BreadcrumbList","@id":"https:\/\/lacasonadelagaraba.com\/de\/politica-de-cookies\/#breadcrumb","itemListElement":[{"@type":"ListItem","position":1,"name":"Portada","item":"https:\/\/lacasonadelagaraba.com\/de\/"},{"@type":"ListItem","position":2,"name":"Cookie-Richtlinie"}]},{"@type":"WebSite","@id":"https:\/\/lacasonadelagaraba.com\/#website","url":"https:\/\/lacasonadelagaraba.com\/","name":"La Casona de La Garaba","description":"Tu refugio asturiano en plena naturaleza","publisher":{"@id":"https:\/\/lacasonadelagaraba.com\/#organization"},"alternateName":"Casa Dos Peixi\u00f1os","potentialAction":[{"@type":"SearchAction","target":{"@type":"EntryPoint","urlTemplate":"https:\/\/lacasonadelagaraba.com\/?s={search_term_string}"},"query-input":{"@type":"PropertyValueSpecification","valueRequired":true,"valueName":"search_term_string"}}],"inLanguage":"de-DE"},{"@type":"Organization","@id":"https:\/\/lacasonadelagaraba.com\/#organization","name":"La Casona de La Garaba","url":"https:\/\/lacasonadelagaraba.com\/","logo":{"@type":"ImageObject","inLanguage":"de-DE","@id":"https:\/\/lacasonadelagaraba.com\/#\/schema\/logo\/image\/","url":"https:\/\/lacasonadelagaraba.com\/wp-content\/uploads\/2026\/01\/Logo-La-Garaba-HZ-cabecera.png","contentUrl":"https:\/\/lacasonadelagaraba.com\/wp-content\/uploads\/2026\/01\/Logo-La-Garaba-HZ-cabecera.png","width":466,"height":200,"caption":"La Casona de La Garaba"},"image":{"@id":"https:\/\/lacasonadelagaraba.com\/#\/schema\/logo\/image\/"},"sameAs":["https:\/\/www.airbnb.es\/rooms\/11895052?guests=1&adults=1&s=67&unique_share_id=d361752a-f24f-4ecc-9142-e0c1ad33d4c1"]}]}},"_links":{"self":[{"href":"https:\/\/lacasonadelagaraba.com\/de\/wp-json\/wp\/v2\/pages\/949","targetHints":{"allow":["GET"]}}],"collection":[{"href":"https:\/\/lacasonadelagaraba.com\/de\/wp-json\/wp\/v2\/pages"}],"about":[{"href":"https:\/\/lacasonadelagaraba.com\/de\/wp-json\/wp\/v2\/types\/page"}],"author":[{"embeddable":true,"href":"https:\/\/lacasonadelagaraba.com\/de\/wp-json\/wp\/v2\/users\/1"}],"replies":[{"embeddable":true,"href":"https:\/\/lacasonadelagaraba.com\/de\/wp-json\/wp\/v2\/comments?post=949"}],"version-history":[{"count":1,"href":"https:\/\/lacasonadelagaraba.com\/de\/wp-json\/wp\/v2\/pages\/949\/revisions"}],"predecessor-version":[{"id":1012,"href":"https:\/\/lacasonadelagaraba.com\/de\/wp-json\/wp\/v2\/pages\/949\/revisions\/1012"}],"wp:attachment":[{"href":"https:\/\/lacasonadelagaraba.com\/de\/wp-json\/wp\/v2\/media?parent=949"}],"curies":[{"name":"wp","href":"https:\/\/api.w.org\/{rel}","templated":true}]}}