{"id":952,"date":"2022-03-10T08:20:01","date_gmt":"2022-03-10T08:20:01","guid":{"rendered":"https:\/\/lacasonadelagaraba.com\/politica-de-privacidad\/"},"modified":"2026-04-08T11:35:10","modified_gmt":"2026-04-08T09:35:10","slug":"politica-de-privacidad","status":"publish","type":"page","link":"https:\/\/lacasonadelagaraba.com\/de\/politica-de-privacidad\/","title":{"rendered":"Politique de confidentialit\u00e9"},"content":{"rendered":"<h1><span dir=\"auto\">Politique de confidentialit\u00e9<\/span><\/h1>\n<h2><span dir=\"auto\">Qui sommes-nous ?<\/span><\/h2>\n<p><span dir=\"auto\">Notre site web est accessible \u00e0 l&#8217;adresse suivante : https:\/\/lacasonadelagaraba.com\/<\/span><\/p>\n<h2><span dir=\"auto\">Commentaires<\/span><\/h2>\n<p><span dir=\"auto\">Lorsque les visiteurs laissent des commentaires sur le site web, nous collectons les donn\u00e9es affich\u00e9es dans le formulaire de commentaires, ainsi que l&#8217;adresse IP du visiteur et la cha\u00eene de l&#8217;agent utilisateur de son navigateur afin de faciliter la d\u00e9tection des spams.<\/span><\/p>\n<p><span dir=\"auto\">Une cha\u00eene anonymis\u00e9e (ou hachage) cr\u00e9\u00e9e \u00e0 partir de votre adresse courriel peut \u00eatre transmise au service Gravatar afin de v\u00e9rifier si vous l\u2019utilisez. La politique de confidentialit\u00e9 de Gravatar est disponible ici\u00a0: https:\/\/automattic.com\/privacy\/. Apr\u00e8s validation de votre commentaire, votre photo de profil sera visible publiquement.<\/span><\/p>\n<h2><span dir=\"auto\">M\u00e9dias<\/span><\/h2>\n<p><span dir=\"auto\">Si vous t\u00e9l\u00e9chargez des images sur le web, \u00e9vitez d&#8217;inclure des donn\u00e9es de g\u00e9olocalisation (GPS EXIF). Les visiteurs du site peuvent t\u00e9l\u00e9charger et extraire ces donn\u00e9es.<\/span><\/p>\n<h2><span dir=\"auto\">Cookies<\/span><\/h2>\n<p><span dir=\"auto\">Si vous laissez un commentaire sur notre site, vous pouvez choisir d&#8217;enregistrer votre nom, votre adresse courriel et votre site web dans des cookies. Cela vous \u00e9vitera de saisir \u00e0 nouveau ces informations lors de votre prochain commentaire. Ces cookies seront conserv\u00e9s pendant un an.<\/span><\/p>\n<p><span dir=\"auto\">Si vous poss\u00e9dez un compte et que vous vous connectez \u00e0 ce site, un cookie temporaire sera cr\u00e9\u00e9 afin de d\u00e9terminer si votre navigateur accepte les cookies. Ce cookie ne contient aucune donn\u00e9e personnelle et est supprim\u00e9 lorsque vous fermez votre navigateur.<\/span><\/p>\n<p><span dir=\"auto\">Lorsque vous vous connectez, nous installons des cookies pour enregistrer vos informations de connexion et vos pr\u00e9f\u00e9rences d&#8217;affichage. Les cookies de connexion sont conserv\u00e9s pendant deux jours et les cookies d&#8217;options d&#8217;affichage pendant un an. Si vous cochez la case \u00ab\u00a0Se souvenir de moi\u00a0\u00bb, votre connexion sera maintenue pendant deux semaines. Si vous vous d\u00e9connectez, les cookies de connexion seront supprim\u00e9s.<\/span><\/p>\n<p><span dir=\"auto\">Si vous modifiez ou publiez un article, un cookie suppl\u00e9mentaire sera enregistr\u00e9 dans votre navigateur. Ce cookie ne contient aucune donn\u00e9e personnelle et indique simplement l&#8217;identifiant de l&#8217;article que vous venez de modifier. Il expire apr\u00e8s un jour.<\/span><\/p>\n<h2><span dir=\"auto\">Contenu int\u00e9gr\u00e9 provenant d&#8217;autres sites web<\/span><\/h2>\n<p><span dir=\"auto\">Les articles de ce site peuvent inclure du contenu int\u00e9gr\u00e9 (par exemple, des vid\u00e9os, des images, des articles, etc.). Le contenu int\u00e9gr\u00e9 provenant d&#8217;autres sites web se comporte exactement de la m\u00eame mani\u00e8re que si le visiteur avait consult\u00e9 directement ces sites.<\/span><\/p>\n<p><span dir=\"auto\">Ces sites web peuvent collecter des donn\u00e9es vous concernant, utiliser des cookies, int\u00e9grer des outils de suivi tiers suppl\u00e9mentaires et surveiller votre interaction avec ce contenu int\u00e9gr\u00e9, y compris le suivi de votre interaction avec le contenu int\u00e9gr\u00e9 si vous poss\u00e9dez un compte et \u00eates connect\u00e9 \u00e0 ce site web.<\/span><\/p>\n<h2><span dir=\"auto\">Avec qui partageons-nous vos donn\u00e9es ?<\/span><\/h2>\n<p><span dir=\"auto\">Si vous demandez une r\u00e9initialisation de mot de passe, votre adresse IP sera incluse dans l&#8217;e-mail de r\u00e9initialisation.<\/span><\/p>\n<h2><span dir=\"auto\">Combien de temps conservons-nous vos donn\u00e9es ?<\/span><\/h2>\n<p><span dir=\"auto\">Si vous laissez un commentaire, celui-ci ainsi que ses m\u00e9tadonn\u00e9es sont conserv\u00e9s ind\u00e9finiment. Cela nous permet de reconna\u00eetre et d&#8217;approuver automatiquement les commentaires suivants, sans avoir \u00e0 les mod\u00e9rer.<\/span><\/p>\n<p><span dir=\"auto\">Pour les utilisateurs qui s&#8217;inscrivent sur notre site web (le cas \u00e9ch\u00e9ant), nous conservons \u00e9galement les informations personnelles qu&#8217;ils fournissent dans leur profil. Tous les utilisateurs peuvent consulter, modifier ou supprimer leurs informations personnelles \u00e0 tout moment (\u00e0 l&#8217;exception de leur nom d&#8217;utilisateur). Les administrateurs du site web peuvent \u00e9galement consulter et modifier ces informations.<\/span><\/p>\n<h2><span dir=\"auto\">Quels sont vos droits sur vos donn\u00e9es ?<\/span><\/h2>\n<p><span dir=\"auto\">Si vous poss\u00e9dez un compte ou avez laiss\u00e9 des commentaires sur ce site web, vous pouvez demander \u00e0 recevoir un fichier export\u00e9 contenant les donn\u00e9es personnelles que nous d\u00e9tenons vous concernant, y compris les donn\u00e9es que vous nous avez fournies. Vous pouvez \u00e9galement demander la suppression de vos donn\u00e9es personnelles. Cette suppression ne concerne pas les donn\u00e9es que nous sommes tenus de conserver \u00e0 des fins administratives, l\u00e9gales ou de s\u00e9curit\u00e9.<\/span><\/p>\n<h2><span dir=\"auto\">O\u00f9 vos donn\u00e9es sont envoy\u00e9es<\/span><\/h2>\n<p><span dir=\"auto\">Les commentaires des visiteurs peuvent \u00eatre examin\u00e9s par un service automatis\u00e9 de d\u00e9tection de spam.<\/span><\/p>\n","protected":false},"excerpt":{"rendered":"<p>Politique de confidentialit\u00e9 Qui sommes-nous ? Notre site web est accessible \u00e0 l&#8217;adresse suivante : https:\/\/lacasonadelagaraba.com\/ Commentaires Lorsque les visiteurs laissent des commentaires sur le site web, nous collectons les&#8230;<\/p>\n","protected":false},"author":1,"featured_media":0,"parent":0,"menu_order":0,"comment_status":"closed","ping_status":"closed","template":"page-left-sidebar.php","meta":{"footnotes":""},"class_list":["post-952","page","type-page","status-publish"],"yoast_head":"<!-- This site is optimized with the Yoast SEO plugin v27.3 - https:\/\/yoast.com\/product\/yoast-seo-wordpress\/ -->\n<title>Politique de confidentialit\u00e9 | La Casona de La Garaba<\/title>\n<meta name=\"robots\" content=\"index, follow, max-snippet:-1, max-image-preview:large, max-video-preview:-1\" \/>\n<link rel=\"canonical\" href=\"https:\/\/lacasonadelagaraba.com\/de\/politica-de-privacidad\/\" \/>\n<meta property=\"og:locale\" content=\"de_DE\" \/>\n<meta property=\"og:type\" content=\"article\" \/>\n<meta property=\"og:title\" content=\"Politique de confidentialit\u00e9 | La Casona de La Garaba\" \/>\n<meta property=\"og:description\" content=\"Politique de confidentialit\u00e9 Qui sommes-nous ? Notre site web est accessible \u00e0 l&#8217;adresse suivante : https:\/\/lacasonadelagaraba.com\/ Commentaires Lorsque les visiteurs laissent des commentaires sur le site web, nous collectons les...\" \/>\n<meta property=\"og:url\" content=\"https:\/\/lacasonadelagaraba.com\/de\/politica-de-privacidad\/\" \/>\n<meta property=\"og:site_name\" content=\"La Casona de La Garaba\" \/>\n<meta property=\"article:modified_time\" content=\"2026-04-08T09:35:10+00:00\" \/>\n<meta name=\"twitter:card\" content=\"summary_large_image\" \/>\n<meta name=\"twitter:label1\" content=\"Est. reading time\" \/>\n\t<meta name=\"twitter:data1\" content=\"3 minutes\" \/>\n<script type=\"application\/ld+json\" class=\"yoast-schema-graph\">{\"@context\":\"https:\\\/\\\/schema.org\",\"@graph\":[{\"@type\":\"WebPage\",\"@id\":\"https:\\\/\\\/lacasonadelagaraba.com\\\/de\\\/politica-de-privacidad\\\/\",\"url\":\"https:\\\/\\\/lacasonadelagaraba.com\\\/de\\\/politica-de-privacidad\\\/\",\"name\":\"Politique de confidentialit\u00e9 | La Casona de La Garaba\",\"isPartOf\":{\"@id\":\"https:\\\/\\\/lacasonadelagaraba.com\\\/#website\"},\"datePublished\":\"2022-03-10T08:20:01+00:00\",\"dateModified\":\"2026-04-08T09:35:10+00:00\",\"breadcrumb\":{\"@id\":\"https:\\\/\\\/lacasonadelagaraba.com\\\/de\\\/politica-de-privacidad\\\/#breadcrumb\"},\"inLanguage\":\"de-DE\",\"potentialAction\":[{\"@type\":\"ReadAction\",\"target\":[\"https:\\\/\\\/lacasonadelagaraba.com\\\/de\\\/politica-de-privacidad\\\/\"]}]},{\"@type\":\"BreadcrumbList\",\"@id\":\"https:\\\/\\\/lacasonadelagaraba.com\\\/de\\\/politica-de-privacidad\\\/#breadcrumb\",\"itemListElement\":[{\"@type\":\"ListItem\",\"position\":1,\"name\":\"Portada\",\"item\":\"https:\\\/\\\/lacasonadelagaraba.com\\\/de\\\/\"},{\"@type\":\"ListItem\",\"position\":2,\"name\":\"Politique de confidentialit\u00e9\"}]},{\"@type\":\"WebSite\",\"@id\":\"https:\\\/\\\/lacasonadelagaraba.com\\\/#website\",\"url\":\"https:\\\/\\\/lacasonadelagaraba.com\\\/\",\"name\":\"La Casona de La Garaba\",\"description\":\"Tu refugio asturiano en plena naturaleza\",\"publisher\":{\"@id\":\"https:\\\/\\\/lacasonadelagaraba.com\\\/#organization\"},\"alternateName\":\"Casa Dos Peixi\u00f1os\",\"potentialAction\":[{\"@type\":\"SearchAction\",\"target\":{\"@type\":\"EntryPoint\",\"urlTemplate\":\"https:\\\/\\\/lacasonadelagaraba.com\\\/?s={search_term_string}\"},\"query-input\":{\"@type\":\"PropertyValueSpecification\",\"valueRequired\":true,\"valueName\":\"search_term_string\"}}],\"inLanguage\":\"de-DE\"},{\"@type\":\"Organization\",\"@id\":\"https:\\\/\\\/lacasonadelagaraba.com\\\/#organization\",\"name\":\"La Casona de La Garaba\",\"url\":\"https:\\\/\\\/lacasonadelagaraba.com\\\/\",\"logo\":{\"@type\":\"ImageObject\",\"inLanguage\":\"de-DE\",\"@id\":\"https:\\\/\\\/lacasonadelagaraba.com\\\/#\\\/schema\\\/logo\\\/image\\\/\",\"url\":\"https:\\\/\\\/lacasonadelagaraba.com\\\/wp-content\\\/uploads\\\/2026\\\/01\\\/Logo-La-Garaba-HZ-cabecera.png\",\"contentUrl\":\"https:\\\/\\\/lacasonadelagaraba.com\\\/wp-content\\\/uploads\\\/2026\\\/01\\\/Logo-La-Garaba-HZ-cabecera.png\",\"width\":466,\"height\":200,\"caption\":\"La Casona de La Garaba\"},\"image\":{\"@id\":\"https:\\\/\\\/lacasonadelagaraba.com\\\/#\\\/schema\\\/logo\\\/image\\\/\"},\"sameAs\":[\"https:\\\/\\\/www.airbnb.es\\\/rooms\\\/11895052?guests=1&adults=1&s=67&unique_share_id=d361752a-f24f-4ecc-9142-e0c1ad33d4c1\"]}]}<\/script>\n<!-- \/ Yoast SEO plugin. -->","yoast_head_json":{"title":"Politique de confidentialit\u00e9 | La Casona de La Garaba","robots":{"index":"index","follow":"follow","max-snippet":"max-snippet:-1","max-image-preview":"max-image-preview:large","max-video-preview":"max-video-preview:-1"},"canonical":"https:\/\/lacasonadelagaraba.com\/de\/politica-de-privacidad\/","og_locale":"de_DE","og_type":"article","og_title":"Politique de confidentialit\u00e9 | La Casona de La Garaba","og_description":"Politique de confidentialit\u00e9 Qui sommes-nous ? Notre site web est accessible \u00e0 l&#8217;adresse suivante : https:\/\/lacasonadelagaraba.com\/ Commentaires Lorsque les visiteurs laissent des commentaires sur le site web, nous collectons les...","og_url":"https:\/\/lacasonadelagaraba.com\/de\/politica-de-privacidad\/","og_site_name":"La Casona de La Garaba","article_modified_time":"2026-04-08T09:35:10+00:00","twitter_card":"summary_large_image","twitter_misc":{"Est. reading time":"3 minutes"},"schema":{"@context":"https:\/\/schema.org","@graph":[{"@type":"WebPage","@id":"https:\/\/lacasonadelagaraba.com\/de\/politica-de-privacidad\/","url":"https:\/\/lacasonadelagaraba.com\/de\/politica-de-privacidad\/","name":"Politique de confidentialit\u00e9 | La Casona de La Garaba","isPartOf":{"@id":"https:\/\/lacasonadelagaraba.com\/#website"},"datePublished":"2022-03-10T08:20:01+00:00","dateModified":"2026-04-08T09:35:10+00:00","breadcrumb":{"@id":"https:\/\/lacasonadelagaraba.com\/de\/politica-de-privacidad\/#breadcrumb"},"inLanguage":"de-DE","potentialAction":[{"@type":"ReadAction","target":["https:\/\/lacasonadelagaraba.com\/de\/politica-de-privacidad\/"]}]},{"@type":"BreadcrumbList","@id":"https:\/\/lacasonadelagaraba.com\/de\/politica-de-privacidad\/#breadcrumb","itemListElement":[{"@type":"ListItem","position":1,"name":"Portada","item":"https:\/\/lacasonadelagaraba.com\/de\/"},{"@type":"ListItem","position":2,"name":"Politique de confidentialit\u00e9"}]},{"@type":"WebSite","@id":"https:\/\/lacasonadelagaraba.com\/#website","url":"https:\/\/lacasonadelagaraba.com\/","name":"La Casona de La Garaba","description":"Tu refugio asturiano en plena naturaleza","publisher":{"@id":"https:\/\/lacasonadelagaraba.com\/#organization"},"alternateName":"Casa Dos Peixi\u00f1os","potentialAction":[{"@type":"SearchAction","target":{"@type":"EntryPoint","urlTemplate":"https:\/\/lacasonadelagaraba.com\/?s={search_term_string}"},"query-input":{"@type":"PropertyValueSpecification","valueRequired":true,"valueName":"search_term_string"}}],"inLanguage":"de-DE"},{"@type":"Organization","@id":"https:\/\/lacasonadelagaraba.com\/#organization","name":"La Casona de La Garaba","url":"https:\/\/lacasonadelagaraba.com\/","logo":{"@type":"ImageObject","inLanguage":"de-DE","@id":"https:\/\/lacasonadelagaraba.com\/#\/schema\/logo\/image\/","url":"https:\/\/lacasonadelagaraba.com\/wp-content\/uploads\/2026\/01\/Logo-La-Garaba-HZ-cabecera.png","contentUrl":"https:\/\/lacasonadelagaraba.com\/wp-content\/uploads\/2026\/01\/Logo-La-Garaba-HZ-cabecera.png","width":466,"height":200,"caption":"La Casona de La Garaba"},"image":{"@id":"https:\/\/lacasonadelagaraba.com\/#\/schema\/logo\/image\/"},"sameAs":["https:\/\/www.airbnb.es\/rooms\/11895052?guests=1&adults=1&s=67&unique_share_id=d361752a-f24f-4ecc-9142-e0c1ad33d4c1"]}]}},"_links":{"self":[{"href":"https:\/\/lacasonadelagaraba.com\/de\/wp-json\/wp\/v2\/pages\/952","targetHints":{"allow":["GET"]}}],"collection":[{"href":"https:\/\/lacasonadelagaraba.com\/de\/wp-json\/wp\/v2\/pages"}],"about":[{"href":"https:\/\/lacasonadelagaraba.com\/de\/wp-json\/wp\/v2\/types\/page"}],"author":[{"embeddable":true,"href":"https:\/\/lacasonadelagaraba.com\/de\/wp-json\/wp\/v2\/users\/1"}],"replies":[{"embeddable":true,"href":"https:\/\/lacasonadelagaraba.com\/de\/wp-json\/wp\/v2\/comments?post=952"}],"version-history":[{"count":4,"href":"https:\/\/lacasonadelagaraba.com\/de\/wp-json\/wp\/v2\/pages\/952\/revisions"}],"predecessor-version":[{"id":1029,"href":"https:\/\/lacasonadelagaraba.com\/de\/wp-json\/wp\/v2\/pages\/952\/revisions\/1029"}],"wp:attachment":[{"href":"https:\/\/lacasonadelagaraba.com\/de\/wp-json\/wp\/v2\/media?parent=952"}],"curies":[{"name":"wp","href":"https:\/\/api.w.org\/{rel}","templated":true}]}}