{"id":913,"date":"2025-08-17T17:11:50","date_gmt":"2025-08-17T17:11:50","guid":{"rendered":"https:\/\/lacasonadelagaraba.com\/aviso-legal\/"},"modified":"2026-04-08T11:06:27","modified_gmt":"2026-04-08T09:06:27","slug":"aviso-legal","status":"publish","type":"page","link":"https:\/\/lacasonadelagaraba.com\/fr\/aviso-legal\/","title":{"rendered":"Avis juridique"},"content":{"rendered":"<h1><span dir=\"auto\">Avis juridique<\/span><\/h1>\n<p>&nbsp;<\/p>\n<p><span dir=\"auto\">Conform\u00e9ment au chapitre II de la loi 34\/2002, LSSICE, nous vous informons que ce site web est la propri\u00e9t\u00e9 de JUAN JOSE PE\u00d1A CEREZO, domicili\u00e9 C\/MARTINEZ IZQUIERDO 45 6\u00baA 28028 MADRID, et dont le CIF est ****2050N, adresse e-mail info@lacasonadelagaraba.com.<\/span><\/p>\n<p><span dir=\"auto\">Afin de nous conformer au r\u00e8glement (UE) 2016\/679 du Parlement europ\u00e9en et du Conseil du 27 avril 2016 relatif \u00e0 la protection des personnes physiques \u00e0 l\u2019\u00e9gard du traitement des donn\u00e9es \u00e0 caract\u00e8re personnel et \u00e0 la libre circulation de ces donn\u00e9es, nous vous informons de ce qui suit\u00a0:<\/span><\/p>\n<p><span dir=\"auto\">1)\u00a0\u00a0<\/span><b><span dir=\"auto\">Base juridique, finalit\u00e9 et consentement expr\u00e8s du client pour le traitement de ses donn\u00e9es<\/span><\/b><span dir=\"auto\">\u00a0: Les informations personnelles que vous fournissez (informations d&#8217;identification et de contact, documents personnels et\/ou juridiques n\u00e9cessaires, etc.) seront trait\u00e9es afin de fournir les services pr\u00e9vus au contrat. Elles pourront \u00e9galement \u00eatre utilis\u00e9es pour r\u00e9pondre \u00e0 vos demandes, quel que soit le moyen de communication utilis\u00e9, pour l&#8217;envoi de factures ou pour toute information susceptible de vous int\u00e9resser ou n\u00e9cessaire \u00e0 la bonne gestion de votre dossier, y compris ses aspects internes et administratifs. \u00c0 cet \u00e9gard, la base juridique du traitement de vos donn\u00e9es est l&#8217;ex\u00e9cution du contrat lui-m\u00eame\u00a0; par cons\u00e9quent, la fourniture de ces donn\u00e9es est obligatoire et leur absence emp\u00eacherait l&#8217;ex\u00e9cution du contrat.<\/span><\/p>\n<p><span dir=\"auto\">2)\u00a0\u00a0<\/span><b><span dir=\"auto\">Responsable du traitement des donn\u00e9es<\/span><\/b><span dir=\"auto\">\u00a0: Le responsable du traitement des donn\u00e9es est JUAN JOSE PE\u00d1A CEREZO, avec CIF ****2050N et adresse C\/MARTINEZ IZQUIERDO 45 6\u00baA 28028 MADRID.<\/span><\/p>\n<p><span dir=\"auto\">3)\u00a0\u00a0<\/span><b><span dir=\"auto\">Autorisation expresse pour le transfert de donn\u00e9es \u00e0 des tiers<\/span><\/b><span dir=\"auto\">\u00a0: Vous consentez express\u00e9ment au transfert de vos donn\u00e9es \u00e0 des tiers lorsque cela est n\u00e9cessaire \u00e0 la bonne fourniture du service, consentement qui peut \u00eatre r\u00e9voqu\u00e9 \u00e0 tout moment par communication fiable \u00e0 l&#8217;adresse postale indiqu\u00e9e \u00e0 la section 6, dans laquelle vous pouvez \u00e9galement exercer vos droits d&#8217;acc\u00e8s, de rectification, d&#8217;effacement ou d&#8217;opposition au traitement.<\/span><\/p>\n<p><span dir=\"auto\">4)\u00a0\u00a0<\/span><b><span dir=\"auto\">Dur\u00e9e de conservation des donn\u00e9es<\/span><\/b><span dir=\"auto\">\u00a0: Les donn\u00e9es fournies seront conserv\u00e9es pendant toute la dur\u00e9e de la relation contractuelle et pendant la p\u00e9riode au cours de laquelle des obligations peuvent na\u00eetre des services fournis, qui sont, \u00e0 titre indicatif, les suivantes : 6 ans en ce qui concerne les livres comptables, les factures, etc. (art. 30 du Code de commerce) ; 5 ans pour les actions personnelles sans d\u00e9lai particulier (art. 1964 du Code civil) ; 10 ans pour les actions d\u00e9coulant de la loi 10\/2010 du 28 avril relative \u00e0 la pr\u00e9vention du blanchiment de capitaux et du financement du terrorisme (art. 25) ; et 4 ans en ce qui concerne les obligations fiscales (art. 66 et suivants du Code g\u00e9n\u00e9ral des imp\u00f4ts).<\/span><\/p>\n<p><span dir=\"auto\">5)\u00a0\u00a0<\/span><b><span dir=\"auto\">Mesures de s\u00e9curit\u00e9<\/span><\/b><span dir=\"auto\">\u00a0: La s\u00e9curit\u00e9 des informations est l&#8217;un de nos engagements et, conform\u00e9ment \u00e0 la l\u00e9gislation en vigueur, les donn\u00e9es des utilisateurs seront trait\u00e9es \u00e0 tout moment de mani\u00e8re absolument confidentielle et le devoir de confidentialit\u00e9 requis \u00e0 leur \u00e9gard sera maintenu, conform\u00e9ment aux dispositions de la r\u00e9glementation applicable et en adoptant \u00e0 cette fin les mesures de s\u00e9curit\u00e9 techniques et organisationnelles n\u00e9cessaires qui garantissent la s\u00e9curit\u00e9 de vos donn\u00e9es et emp\u00eachent leur alt\u00e9ration, leur perte, leur traitement non autoris\u00e9 ou leur acc\u00e8s, en tenant compte de l&#8217;\u00e9tat de la technologie, de la nature des donn\u00e9es stock\u00e9es et des risques auxquels elles sont expos\u00e9es.<\/span><\/p>\n<p><span dir=\"auto\">6)\u00a0\u00a0<\/span><b><span dir=\"auto\">Vous disposez des droits suivants concernant vos donn\u00e9es personnelles<\/span><\/b><span dir=\"auto\">\u00a0:<\/span><\/p>\n<ul>\n<li>\n<ul>\n<li><span dir=\"auto\">R\u00e9voquer les consentements accord\u00e9s.<\/span><\/li>\n<li><span dir=\"auto\">Obtenir la confirmation que des donn\u00e9es personnelles concernant l&#8217;utilisateur sont ou non trait\u00e9es.<\/span><\/li>\n<li><span dir=\"auto\">Acc\u00e9dez \u00e0 vos donn\u00e9es personnelles.<\/span><\/li>\n<li><span dir=\"auto\">Corriger les donn\u00e9es inexactes ou incompl\u00e8tes.<\/span><\/li>\n<li><span dir=\"auto\">Demandez la suppression de vos donn\u00e9es lorsque, entre autres raisons, celles-ci ne sont plus n\u00e9cessaires aux fins pour lesquelles elles ont \u00e9t\u00e9 collect\u00e9es.<\/span><\/li>\n<li><span dir=\"auto\">Obtenir la limitation du traitement des donn\u00e9es lorsque l&#8217;une des conditions pr\u00e9vues par la r\u00e9glementation sur la protection des donn\u00e9es est remplie.<\/span><\/li>\n<li><span dir=\"auto\">Demandez la portabilit\u00e9 de vos donn\u00e9es.<\/span><\/li>\n<li><span dir=\"auto\">Vous pouvez d\u00e9poser une plainte aupr\u00e8s de l&#8217;Agence espagnole de protection des donn\u00e9es, \u00e0 l&#8217;adresse suivante\u00a0: https:\/\/www.agpd.es, si vous estimez que vos droits en vertu de la r\u00e9glementation applicable en mati\u00e8re de protection des donn\u00e9es ont \u00e9t\u00e9 viol\u00e9s.<\/span><\/li>\n<li><span dir=\"auto\">Vous pouvez exercer ces droits \u00e0 tout moment en \u00e9crivant \u00e0 JUAN JOSE PE\u00d1A CEREZO \u00e0 l&#8217;adresse postale suivante\u00a0: C\/MARTINEZ IZQUIERDO 45 6\u00baA 28028 MADRID ou en envoyant un courriel \u00e0\u00a0: info@lacasonadelagaraba.com, en indiquant comme objet\u00a0:\u00a0<\/span><i><span dir=\"auto\">\u00ab\u00a0LOPD, Droits ARCO\u00a0\u00bb<\/span><\/i><span dir=\"auto\">\u00a0. Vous devez joindre \u00e0 votre demande une justification et une copie de votre carte d&#8217;identit\u00e9 ou de tout autre document permettant de prouver votre identit\u00e9.<\/span><\/li>\n<\/ul>\n<\/li>\n<\/ul>\n<p>&nbsp;<\/p>\n<h2><span dir=\"auto\">Acceptation et consentement<\/span><\/h2>\n<p><span dir=\"auto\">L\u2019Utilisateur d\u00e9clare avoir \u00e9t\u00e9 inform\u00e9 des conditions relatives \u00e0 la protection des donn\u00e9es personnelles, et accepte et consent \u00e0 leur traitement automatis\u00e9 par JUAN JOSE PE\u00d1A CEREZO de la mani\u00e8re et aux fins indiqu\u00e9es dans la pr\u00e9sente Politique de protection des donn\u00e9es personnelles.<\/span><\/p>\n<p><span dir=\"auto\">Par cons\u00e9quent, en utilisant ce formulaire pour contacter JUAN JOSE PE\u00d1A CEREZO, j&#8217;autorise express\u00e9ment l&#8217;utilisation de mes donn\u00e9es pour l&#8217;envoi de communications commerciales, par tous moyens (y compris par courrier \u00e9lectronique), et je peux r\u00e9voquer cette autorisation \u00e0 tout moment en contactant JUAN JOSE PE\u00d1A CEREZO.<\/span><\/p>\n<p><span dir=\"auto\">L&#8217;Utilisateur d\u00e9clare avoir \u00e9t\u00e9 inform\u00e9 que dans le cas o\u00f9 le site web serait sans client pour l&#8217;exploiter (non lou\u00e9), JUAN JOSE PE\u00d1A CEREZO pourrait collecter les formulaires et les courriels re\u00e7us et les transf\u00e9rer \u00e0 des soci\u00e9t\u00e9s tierces afin qu&#8217;elles puissent offrir le service demand\u00e9.<\/span><\/p>\n<p>&nbsp;<\/p>\n<h2><span dir=\"auto\">L\u00e9gislation<\/span><\/h2>\n<p><span dir=\"auto\">De mani\u00e8re g\u00e9n\u00e9rale, les relations entre JUAN JOSE PE\u00d1A CEREZO et les utilisateurs de ses services t\u00e9l\u00e9matiques, pr\u00e9sents sur ce site Web, sont soumises \u00e0 la l\u00e9gislation et \u00e0 la juridiction espagnoles.<\/span><\/p>\n","protected":false},"excerpt":{"rendered":"<p>Avis juridique &nbsp; Conform\u00e9ment au chapitre II de la loi 34\/2002, LSSICE, nous vous informons que ce site web est la propri\u00e9t\u00e9 de JUAN JOSE PE\u00d1A CEREZO, domicili\u00e9 C\/MARTINEZ IZQUIERDO&#8230;<\/p>\n","protected":false},"author":1,"featured_media":0,"parent":0,"menu_order":0,"comment_status":"closed","ping_status":"closed","template":"page-left-sidebar.php","meta":{"footnotes":""},"class_list":["post-913","page","type-page","status-publish"],"yoast_head":"<!-- This site is optimized with the Yoast SEO plugin v27.3 - https:\/\/yoast.com\/product\/yoast-seo-wordpress\/ -->\n<title>Avis juridique | La Casona de La Garaba<\/title>\n<meta name=\"robots\" content=\"index, follow, max-snippet:-1, max-image-preview:large, max-video-preview:-1\" \/>\n<link rel=\"canonical\" href=\"https:\/\/lacasonadelagaraba.com\/fr\/aviso-legal\/\" \/>\n<meta property=\"og:locale\" content=\"fr_FR\" \/>\n<meta property=\"og:type\" content=\"article\" \/>\n<meta property=\"og:title\" content=\"Avis juridique | La Casona de La Garaba\" \/>\n<meta property=\"og:description\" content=\"Avis juridique &nbsp; Conform\u00e9ment au chapitre II de la loi 34\/2002, LSSICE, nous vous informons que ce site web est la propri\u00e9t\u00e9 de JUAN JOSE PE\u00d1A CEREZO, domicili\u00e9 C\/MARTINEZ IZQUIERDO...\" \/>\n<meta property=\"og:url\" content=\"https:\/\/lacasonadelagaraba.com\/fr\/aviso-legal\/\" \/>\n<meta property=\"og:site_name\" content=\"La Casona de La Garaba\" \/>\n<meta property=\"article:modified_time\" content=\"2026-04-08T09:06:27+00:00\" \/>\n<meta name=\"twitter:card\" content=\"summary_large_image\" \/>\n<meta name=\"twitter:label1\" content=\"Est. reading time\" \/>\n\t<meta name=\"twitter:data1\" content=\"5 minutes\" \/>\n<script type=\"application\/ld+json\" class=\"yoast-schema-graph\">{\"@context\":\"https:\\\/\\\/schema.org\",\"@graph\":[{\"@type\":\"WebPage\",\"@id\":\"https:\\\/\\\/lacasonadelagaraba.com\\\/fr\\\/aviso-legal\\\/\",\"url\":\"https:\\\/\\\/lacasonadelagaraba.com\\\/fr\\\/aviso-legal\\\/\",\"name\":\"Avis juridique | La Casona de La Garaba\",\"isPartOf\":{\"@id\":\"https:\\\/\\\/lacasonadelagaraba.com\\\/#website\"},\"datePublished\":\"2025-08-17T17:11:50+00:00\",\"dateModified\":\"2026-04-08T09:06:27+00:00\",\"breadcrumb\":{\"@id\":\"https:\\\/\\\/lacasonadelagaraba.com\\\/fr\\\/aviso-legal\\\/#breadcrumb\"},\"inLanguage\":\"fr-FR\",\"potentialAction\":[{\"@type\":\"ReadAction\",\"target\":[\"https:\\\/\\\/lacasonadelagaraba.com\\\/fr\\\/aviso-legal\\\/\"]}]},{\"@type\":\"BreadcrumbList\",\"@id\":\"https:\\\/\\\/lacasonadelagaraba.com\\\/fr\\\/aviso-legal\\\/#breadcrumb\",\"itemListElement\":[{\"@type\":\"ListItem\",\"position\":1,\"name\":\"Portada\",\"item\":\"https:\\\/\\\/lacasonadelagaraba.com\\\/fr\\\/\"},{\"@type\":\"ListItem\",\"position\":2,\"name\":\"Avis juridique\"}]},{\"@type\":\"WebSite\",\"@id\":\"https:\\\/\\\/lacasonadelagaraba.com\\\/#website\",\"url\":\"https:\\\/\\\/lacasonadelagaraba.com\\\/\",\"name\":\"La Casona de La Garaba\",\"description\":\"Tu refugio asturiano en plena naturaleza\",\"publisher\":{\"@id\":\"https:\\\/\\\/lacasonadelagaraba.com\\\/#organization\"},\"alternateName\":\"Casa Dos Peixi\u00f1os\",\"potentialAction\":[{\"@type\":\"SearchAction\",\"target\":{\"@type\":\"EntryPoint\",\"urlTemplate\":\"https:\\\/\\\/lacasonadelagaraba.com\\\/?s={search_term_string}\"},\"query-input\":{\"@type\":\"PropertyValueSpecification\",\"valueRequired\":true,\"valueName\":\"search_term_string\"}}],\"inLanguage\":\"fr-FR\"},{\"@type\":\"Organization\",\"@id\":\"https:\\\/\\\/lacasonadelagaraba.com\\\/#organization\",\"name\":\"La Casona de La Garaba\",\"url\":\"https:\\\/\\\/lacasonadelagaraba.com\\\/\",\"logo\":{\"@type\":\"ImageObject\",\"inLanguage\":\"fr-FR\",\"@id\":\"https:\\\/\\\/lacasonadelagaraba.com\\\/#\\\/schema\\\/logo\\\/image\\\/\",\"url\":\"https:\\\/\\\/lacasonadelagaraba.com\\\/wp-content\\\/uploads\\\/2026\\\/01\\\/Logo-La-Garaba-HZ-cabecera.png\",\"contentUrl\":\"https:\\\/\\\/lacasonadelagaraba.com\\\/wp-content\\\/uploads\\\/2026\\\/01\\\/Logo-La-Garaba-HZ-cabecera.png\",\"width\":466,\"height\":200,\"caption\":\"La Casona de La Garaba\"},\"image\":{\"@id\":\"https:\\\/\\\/lacasonadelagaraba.com\\\/#\\\/schema\\\/logo\\\/image\\\/\"},\"sameAs\":[\"https:\\\/\\\/www.airbnb.es\\\/rooms\\\/11895052?guests=1&adults=1&s=67&unique_share_id=d361752a-f24f-4ecc-9142-e0c1ad33d4c1\"]}]}<\/script>\n<!-- \/ Yoast SEO plugin. -->","yoast_head_json":{"title":"Avis juridique | La Casona de La Garaba","robots":{"index":"index","follow":"follow","max-snippet":"max-snippet:-1","max-image-preview":"max-image-preview:large","max-video-preview":"max-video-preview:-1"},"canonical":"https:\/\/lacasonadelagaraba.com\/fr\/aviso-legal\/","og_locale":"fr_FR","og_type":"article","og_title":"Avis juridique | La Casona de La Garaba","og_description":"Avis juridique &nbsp; Conform\u00e9ment au chapitre II de la loi 34\/2002, LSSICE, nous vous informons que ce site web est la propri\u00e9t\u00e9 de JUAN JOSE PE\u00d1A CEREZO, domicili\u00e9 C\/MARTINEZ IZQUIERDO...","og_url":"https:\/\/lacasonadelagaraba.com\/fr\/aviso-legal\/","og_site_name":"La Casona de La Garaba","article_modified_time":"2026-04-08T09:06:27+00:00","twitter_card":"summary_large_image","twitter_misc":{"Est. reading time":"5 minutes"},"schema":{"@context":"https:\/\/schema.org","@graph":[{"@type":"WebPage","@id":"https:\/\/lacasonadelagaraba.com\/fr\/aviso-legal\/","url":"https:\/\/lacasonadelagaraba.com\/fr\/aviso-legal\/","name":"Avis juridique | La Casona de La Garaba","isPartOf":{"@id":"https:\/\/lacasonadelagaraba.com\/#website"},"datePublished":"2025-08-17T17:11:50+00:00","dateModified":"2026-04-08T09:06:27+00:00","breadcrumb":{"@id":"https:\/\/lacasonadelagaraba.com\/fr\/aviso-legal\/#breadcrumb"},"inLanguage":"fr-FR","potentialAction":[{"@type":"ReadAction","target":["https:\/\/lacasonadelagaraba.com\/fr\/aviso-legal\/"]}]},{"@type":"BreadcrumbList","@id":"https:\/\/lacasonadelagaraba.com\/fr\/aviso-legal\/#breadcrumb","itemListElement":[{"@type":"ListItem","position":1,"name":"Portada","item":"https:\/\/lacasonadelagaraba.com\/fr\/"},{"@type":"ListItem","position":2,"name":"Avis juridique"}]},{"@type":"WebSite","@id":"https:\/\/lacasonadelagaraba.com\/#website","url":"https:\/\/lacasonadelagaraba.com\/","name":"La Casona de La Garaba","description":"Tu refugio asturiano en plena naturaleza","publisher":{"@id":"https:\/\/lacasonadelagaraba.com\/#organization"},"alternateName":"Casa Dos Peixi\u00f1os","potentialAction":[{"@type":"SearchAction","target":{"@type":"EntryPoint","urlTemplate":"https:\/\/lacasonadelagaraba.com\/?s={search_term_string}"},"query-input":{"@type":"PropertyValueSpecification","valueRequired":true,"valueName":"search_term_string"}}],"inLanguage":"fr-FR"},{"@type":"Organization","@id":"https:\/\/lacasonadelagaraba.com\/#organization","name":"La Casona de La Garaba","url":"https:\/\/lacasonadelagaraba.com\/","logo":{"@type":"ImageObject","inLanguage":"fr-FR","@id":"https:\/\/lacasonadelagaraba.com\/#\/schema\/logo\/image\/","url":"https:\/\/lacasonadelagaraba.com\/wp-content\/uploads\/2026\/01\/Logo-La-Garaba-HZ-cabecera.png","contentUrl":"https:\/\/lacasonadelagaraba.com\/wp-content\/uploads\/2026\/01\/Logo-La-Garaba-HZ-cabecera.png","width":466,"height":200,"caption":"La Casona de La Garaba"},"image":{"@id":"https:\/\/lacasonadelagaraba.com\/#\/schema\/logo\/image\/"},"sameAs":["https:\/\/www.airbnb.es\/rooms\/11895052?guests=1&adults=1&s=67&unique_share_id=d361752a-f24f-4ecc-9142-e0c1ad33d4c1"]}]}},"_links":{"self":[{"href":"https:\/\/lacasonadelagaraba.com\/fr\/wp-json\/wp\/v2\/pages\/913","targetHints":{"allow":["GET"]}}],"collection":[{"href":"https:\/\/lacasonadelagaraba.com\/fr\/wp-json\/wp\/v2\/pages"}],"about":[{"href":"https:\/\/lacasonadelagaraba.com\/fr\/wp-json\/wp\/v2\/types\/page"}],"author":[{"embeddable":true,"href":"https:\/\/lacasonadelagaraba.com\/fr\/wp-json\/wp\/v2\/users\/1"}],"replies":[{"embeddable":true,"href":"https:\/\/lacasonadelagaraba.com\/fr\/wp-json\/wp\/v2\/comments?post=913"}],"version-history":[{"count":1,"href":"https:\/\/lacasonadelagaraba.com\/fr\/wp-json\/wp\/v2\/pages\/913\/revisions"}],"predecessor-version":[{"id":997,"href":"https:\/\/lacasonadelagaraba.com\/fr\/wp-json\/wp\/v2\/pages\/913\/revisions\/997"}],"wp:attachment":[{"href":"https:\/\/lacasonadelagaraba.com\/fr\/wp-json\/wp\/v2\/media?parent=913"}],"curies":[{"name":"wp","href":"https:\/\/api.w.org\/{rel}","templated":true}]}}