{"id":928,"date":"2025-08-17T14:44:07","date_gmt":"2025-08-17T14:44:07","guid":{"rendered":"https:\/\/lacasonadelagaraba.com\/entorno\/"},"modified":"2026-04-08T11:30:09","modified_gmt":"2026-04-08T09:30:09","slug":"entorno","status":"publish","type":"page","link":"https:\/\/lacasonadelagaraba.com\/fr\/entorno\/","title":{"rendered":"Situation et environs"},"content":{"rendered":"[vc_row type=&#8221;in_container&#8221; full_screen_row_position=&#8221;middle&#8221; column_margin=&#8221;default&#8221; column_direction=&#8221;default&#8221; column_direction_tablet=&#8221;default&#8221; column_direction_phone=&#8221;default&#8221; scene_position=&#8221;center&#8221; text_color=&#8221;dark&#8221; text_align=&#8221;left&#8221; row_border_radius=&#8221;none&#8221; row_border_radius_applies=&#8221;bg&#8221; overflow=&#8221;visible&#8221; overlay_strength=&#8221;0.3&#8243; gradient_direction=&#8221;left_to_right&#8221; shape_divider_position=&#8221;bottom&#8221; bg_image_animation=&#8221;none&#8221;][vc_column column_padding=&#8221;no-extra-padding&#8221; column_padding_tablet=&#8221;inherit&#8221; column_padding_phone=&#8221;inherit&#8221; column_padding_position=&#8221;all&#8221; column_element_direction_desktop=&#8221;default&#8221; column_element_spacing=&#8221;default&#8221; desktop_text_alignment=&#8221;default&#8221; tablet_text_alignment=&#8221;default&#8221; phone_text_alignment=&#8221;default&#8221; background_color_opacity=&#8221;1&#8243; background_hover_color_opacity=&#8221;1&#8243; column_backdrop_filter=&#8221;none&#8221; column_shadow=&#8221;none&#8221; column_border_radius=&#8221;none&#8221; column_link_target=&#8221;_self&#8221; column_position=&#8221;default&#8221; gradient_direction=&#8221;left_to_right&#8221; overlay_strength=&#8221;0.3&#8243; width=&#8221;1\/1&#8243; tablet_width_inherit=&#8221;default&#8221; animation_type=&#8221;default&#8221; bg_image_animation=&#8221;none&#8221; border_type=&#8221;simple&#8221; column_border_width=&#8221;none&#8221; column_border_style=&#8221;solid&#8221;][vc_column_text css=&#8221;&#8221; text_direction=&#8221;default&#8221;]\n<div class=\"n module-type-header diyfeLiveArea \">\n<div class=\"n module-type-header diyfeLiveArea \">\n<h2><span class=\"diyfeDecoration\"><span dir=\"auto\">Le point de d\u00e9part id\u00e9al pour vos activit\u00e9s<\/span><\/span><\/h2>\n<\/div>\n<div class=\"n module-type-text diyfeLiveArea \">\n<p><strong><span dir=\"auto\">La Casona de la Garaba<\/span><\/strong><span dir=\"auto\">\u00a0\u00a0est situ\u00e9e directement sur le Cam\u00ed Real de la Mesa (Chemin Royal de la Table) et b\u00e9n\u00e9ficie d&#8217;un emplacement privil\u00e9gi\u00e9 permettant un acc\u00e8s facile aux principaux points d&#8217;int\u00e9r\u00eat de la r\u00e9gion. La maison offre \u00e9galement la tranquillit\u00e9 n\u00e9cessaire \u00e0 la d\u00e9tente.<\/span><br \/>\n<span dir=\"auto\">Elle se trouve tout pr\u00e8s de La Senda del Oso (Sentier de l&#8217;Ours).<\/span><\/p>\n<p>&nbsp;<\/p>\n<p><strong><span dir=\"auto\">Les avantages sp\u00e9cifiques de notre emplacement<\/span><\/strong><\/p>\n<ul>\n<li><span dir=\"auto\">Situ\u00e9 \u00e0 5 km de Grado.<\/span><\/li>\n<li><span dir=\"auto\">Situ\u00e9 \u00e0 25 km d&#8217;Oviedo.<\/span><\/li>\n<li><span dir=\"auto\">Situ\u00e9 \u00e0 30 km des magnifiques plages de la c\u00f4te cantabrique.<\/span><\/li>\n<li><span dir=\"auto\">Situ\u00e9 \u00e0 35 km de l&#8217;a\u00e9roport de Ran\u00f3n (Asturies).<\/span><\/li>\n<\/ul>\n<\/div>\n<\/div>\n[\/vc_column_text][\/vc_column][\/vc_row][vc_row type=&#8221;in_container&#8221; full_screen_row_position=&#8221;middle&#8221; column_margin=&#8221;default&#8221; column_direction=&#8221;default&#8221; column_direction_tablet=&#8221;default&#8221; column_direction_phone=&#8221;default&#8221; scene_position=&#8221;center&#8221; text_color=&#8221;dark&#8221; text_align=&#8221;left&#8221; row_border_radius=&#8221;none&#8221; row_border_radius_applies=&#8221;bg&#8221; overflow=&#8221;visible&#8221; overlay_strength=&#8221;0.3&#8243; gradient_direction=&#8221;left_to_right&#8221; shape_divider_position=&#8221;bottom&#8221; bg_image_animation=&#8221;none&#8221;][vc_column column_padding=&#8221;no-extra-padding&#8221; column_padding_tablet=&#8221;inherit&#8221; column_padding_phone=&#8221;inherit&#8221; column_padding_position=&#8221;all&#8221; column_element_direction_desktop=&#8221;default&#8221; column_element_spacing=&#8221;default&#8221; desktop_text_alignment=&#8221;default&#8221; tablet_text_alignment=&#8221;default&#8221; phone_text_alignment=&#8221;default&#8221; background_color_opacity=&#8221;1&#8243; background_hover_color_opacity=&#8221;1&#8243; column_backdrop_filter=&#8221;none&#8221; column_shadow=&#8221;none&#8221; column_border_radius=&#8221;none&#8221; column_link_target=&#8221;_self&#8221; column_position=&#8221;default&#8221; gradient_direction=&#8221;left_to_right&#8221; overlay_strength=&#8221;0.3&#8243; width=&#8221;1\/1&#8243; tablet_width_inherit=&#8221;default&#8221; animation_type=&#8221;default&#8221; bg_image_animation=&#8221;none&#8221; border_type=&#8221;simple&#8221; column_border_width=&#8221;none&#8221; column_border_style=&#8221;solid&#8221;][divider line_type=&#8221;No Line&#8221; custom_height=&#8221;15&#8243;][vc_gallery css=&#8221;&#8221; type=&#8221;image_grid&#8221; images=&#8221;741,745,749,753,757,761,765,769,773,777,781,785,789,793,797,801,805,809,813,817,821,825,829,833&#8243; image_grid_loading=&#8221;default&#8221; layout=&#8221;4&#8243; item_spacing=&#8221;default&#8221; gallery_style=&#8221;7&#8243; load_in_animation=&#8221;none&#8221;][\/vc_column][\/vc_row][vc_row type=&#8221;full_width_content&#8221; full_screen_row_position=&#8221;middle&#8221; column_margin=&#8221;default&#8221; equal_height=&#8221;yes&#8221; content_placement=&#8221;middle&#8221; column_direction=&#8221;default&#8221; column_direction_tablet=&#8221;default&#8221; column_direction_phone=&#8221;default&#8221; scene_position=&#8221;center&#8221; top_margin=&#8221;30&#8243; bottom_margin=&#8221;1&#8243; text_color=&#8221;light&#8221; text_align=&#8221;center&#8221; row_border_radius=&#8221;none&#8221; row_border_radius_applies=&#8221;bg&#8221; overflow=&#8221;visible&#8221; overlay_strength=&#8221;0.3&#8243; gradient_direction=&#8221;left_to_right&#8221; shape_divider_position=&#8221;bottom&#8221; bg_image_animation=&#8221;none&#8221; gradient_type=&#8221;default&#8221; shape_type=&#8221;&#8221;][vc_column column_padding=&#8221;padding-5-percent&#8221; column_padding_tablet=&#8221;inherit&#8221; column_padding_phone=&#8221;inherit&#8221; column_padding_position=&#8221;all&#8221; column_element_direction_desktop=&#8221;default&#8221; column_element_spacing=&#8221;default&#8221; centered_text=&#8221;true&#8221; desktop_text_alignment=&#8221;default&#8221; tablet_text_alignment=&#8221;default&#8221; phone_text_alignment=&#8221;default&#8221; background_color_opacity=&#8221;1&#8243; background_hover_color_opacity=&#8221;1&#8243; column_backdrop_filter=&#8221;none&#8221; column_shadow=&#8221;none&#8221; column_border_radius=&#8221;none&#8221; column_link_target=&#8221;_self&#8221; column_position=&#8221;default&#8221; gradient_direction=&#8221;left_to_right&#8221; overlay_strength=&#8221;0.3&#8243; width=&#8221;1\/1&#8243; tablet_width_inherit=&#8221;default&#8221; animation_type=&#8221;default&#8221; bg_image_animation=&#8221;none&#8221; border_type=&#8221;simple&#8221; column_border_width=&#8221;none&#8221; column_border_style=&#8221;solid&#8221; column_padding_type=&#8221;default&#8221; gradient_type=&#8221;default&#8221;][nectar_btn size=&#8221;jumbo&#8221; button_style=&#8221;see-through-2&#8243; hover_color_override=&#8221;#F5EFE3&#8243; hover_text_color_override=&#8221;#000000&#8243; icon_family=&#8221;default_arrow&#8221; text=&#8221;Contactez-nous&#8221; url=&#8221;\/contacto\/&#8221; aria_label_text=&#8221;conoce la casa&#8221;][\/vc_column][\/vc_row]\n","protected":false},"excerpt":{"rendered":"<p>[vc_row type=&#8221;in_container&#8221; full_screen_row_position=&#8221;middle&#8221; column_margin=&#8221;default&#8221; column_direction=&#8221;default&#8221; column_direction_tablet=&#8221;default&#8221; column_direction_phone=&#8221;default&#8221; scene_position=&#8221;center&#8221; text_color=&#8221;dark&#8221; text_align=&#8221;left&#8221; row_border_radius=&#8221;none&#8221; row_border_radius_applies=&#8221;bg&#8221; overflow=&#8221;visible&#8221; overlay_strength=&#8221;0.3&#8243; gradient_direction=&#8221;left_to_right&#8221; shape_divider_position=&#8221;bottom&#8221; bg_image_animation=&#8221;none&#8221;][vc_column column_padding=&#8221;no-extra-padding&#8221; column_padding_tablet=&#8221;inherit&#8221; column_padding_phone=&#8221;inherit&#8221; column_padding_position=&#8221;all&#8221; column_element_direction_desktop=&#8221;default&#8221; column_element_spacing=&#8221;default&#8221; desktop_text_alignment=&#8221;default&#8221; tablet_text_alignment=&#8221;default&#8221; phone_text_alignment=&#8221;default&#8221; background_color_opacity=&#8221;1&#8243; background_hover_color_opacity=&#8221;1&#8243; column_backdrop_filter=&#8221;none&#8221; column_shadow=&#8221;none&#8221;&#8230;<\/p>\n","protected":false},"author":1,"featured_media":0,"parent":0,"menu_order":0,"comment_status":"closed","ping_status":"closed","template":"page-left-sidebar.php","meta":{"footnotes":""},"class_list":["post-928","page","type-page","status-publish"],"yoast_head":"<!-- This site is optimized with the Yoast SEO plugin v27.3 - https:\/\/yoast.com\/product\/yoast-seo-wordpress\/ -->\n<title>La Casona de La Garaba | Qu\u00e9 ver en Grado y su entorno<\/title>\n<meta name=\"description\" content=\"Explora Grado: la ruta del Oso, mercado de Grado y Oviedo a un paso de nuestra casa.\" \/>\n<meta name=\"robots\" content=\"index, follow, max-snippet:-1, max-image-preview:large, max-video-preview:-1\" \/>\n<link rel=\"canonical\" href=\"https:\/\/lacasonadelagaraba.com\/fr\/entorno\/\" \/>\n<meta property=\"og:locale\" content=\"fr_FR\" \/>\n<meta property=\"og:type\" content=\"article\" \/>\n<meta property=\"og:title\" content=\"La Casona de La Garaba | Qu\u00e9 ver en Grado y su entorno\" \/>\n<meta property=\"og:description\" content=\"Explora Grado: la ruta del Oso, mercado de Grado y Oviedo a un paso de nuestra casa.\" \/>\n<meta property=\"og:url\" content=\"https:\/\/lacasonadelagaraba.com\/fr\/entorno\/\" \/>\n<meta property=\"og:site_name\" content=\"La Casona de La Garaba\" \/>\n<meta property=\"article:modified_time\" content=\"2026-04-08T09:30:09+00:00\" \/>\n<meta name=\"twitter:card\" content=\"summary_large_image\" \/>\n<meta name=\"twitter:label1\" content=\"Est. reading time\" \/>\n\t<meta name=\"twitter:data1\" content=\"1 minute\" \/>\n<script type=\"application\/ld+json\" class=\"yoast-schema-graph\">{\"@context\":\"https:\\\/\\\/schema.org\",\"@graph\":[{\"@type\":\"WebPage\",\"@id\":\"https:\\\/\\\/lacasonadelagaraba.com\\\/fr\\\/entorno\\\/\",\"url\":\"https:\\\/\\\/lacasonadelagaraba.com\\\/fr\\\/entorno\\\/\",\"name\":\"La Casona de La Garaba | Qu\u00e9 ver en Grado y su entorno\",\"isPartOf\":{\"@id\":\"https:\\\/\\\/lacasonadelagaraba.com\\\/#website\"},\"datePublished\":\"2025-08-17T14:44:07+00:00\",\"dateModified\":\"2026-04-08T09:30:09+00:00\",\"description\":\"Explora Grado: la ruta del Oso, mercado de Grado y Oviedo a un paso de nuestra casa.\",\"breadcrumb\":{\"@id\":\"https:\\\/\\\/lacasonadelagaraba.com\\\/fr\\\/entorno\\\/#breadcrumb\"},\"inLanguage\":\"fr-FR\",\"potentialAction\":[{\"@type\":\"ReadAction\",\"target\":[\"https:\\\/\\\/lacasonadelagaraba.com\\\/fr\\\/entorno\\\/\"]}]},{\"@type\":\"BreadcrumbList\",\"@id\":\"https:\\\/\\\/lacasonadelagaraba.com\\\/fr\\\/entorno\\\/#breadcrumb\",\"itemListElement\":[{\"@type\":\"ListItem\",\"position\":1,\"name\":\"Portada\",\"item\":\"https:\\\/\\\/lacasonadelagaraba.com\\\/fr\\\/\"},{\"@type\":\"ListItem\",\"position\":2,\"name\":\"Situation et environs\"}]},{\"@type\":\"WebSite\",\"@id\":\"https:\\\/\\\/lacasonadelagaraba.com\\\/#website\",\"url\":\"https:\\\/\\\/lacasonadelagaraba.com\\\/\",\"name\":\"La Casona de La Garaba\",\"description\":\"Tu refugio asturiano en plena naturaleza\",\"publisher\":{\"@id\":\"https:\\\/\\\/lacasonadelagaraba.com\\\/#organization\"},\"alternateName\":\"Casa Dos Peixi\u00f1os\",\"potentialAction\":[{\"@type\":\"SearchAction\",\"target\":{\"@type\":\"EntryPoint\",\"urlTemplate\":\"https:\\\/\\\/lacasonadelagaraba.com\\\/?s={search_term_string}\"},\"query-input\":{\"@type\":\"PropertyValueSpecification\",\"valueRequired\":true,\"valueName\":\"search_term_string\"}}],\"inLanguage\":\"fr-FR\"},{\"@type\":\"Organization\",\"@id\":\"https:\\\/\\\/lacasonadelagaraba.com\\\/#organization\",\"name\":\"La Casona de La Garaba\",\"url\":\"https:\\\/\\\/lacasonadelagaraba.com\\\/\",\"logo\":{\"@type\":\"ImageObject\",\"inLanguage\":\"fr-FR\",\"@id\":\"https:\\\/\\\/lacasonadelagaraba.com\\\/#\\\/schema\\\/logo\\\/image\\\/\",\"url\":\"https:\\\/\\\/lacasonadelagaraba.com\\\/wp-content\\\/uploads\\\/2026\\\/01\\\/Logo-La-Garaba-HZ-cabecera.png\",\"contentUrl\":\"https:\\\/\\\/lacasonadelagaraba.com\\\/wp-content\\\/uploads\\\/2026\\\/01\\\/Logo-La-Garaba-HZ-cabecera.png\",\"width\":466,\"height\":200,\"caption\":\"La Casona de La Garaba\"},\"image\":{\"@id\":\"https:\\\/\\\/lacasonadelagaraba.com\\\/#\\\/schema\\\/logo\\\/image\\\/\"},\"sameAs\":[\"https:\\\/\\\/www.airbnb.es\\\/rooms\\\/11895052?guests=1&adults=1&s=67&unique_share_id=d361752a-f24f-4ecc-9142-e0c1ad33d4c1\"]}]}<\/script>\n<!-- \/ Yoast SEO plugin. -->","yoast_head_json":{"title":"La Casona de La Garaba | Qu\u00e9 ver en Grado y su entorno","description":"Explora Grado: la ruta del Oso, mercado de Grado y Oviedo a un paso de nuestra casa.","robots":{"index":"index","follow":"follow","max-snippet":"max-snippet:-1","max-image-preview":"max-image-preview:large","max-video-preview":"max-video-preview:-1"},"canonical":"https:\/\/lacasonadelagaraba.com\/fr\/entorno\/","og_locale":"fr_FR","og_type":"article","og_title":"La Casona de La Garaba | Qu\u00e9 ver en Grado y su entorno","og_description":"Explora Grado: la ruta del Oso, mercado de Grado y Oviedo a un paso de nuestra casa.","og_url":"https:\/\/lacasonadelagaraba.com\/fr\/entorno\/","og_site_name":"La Casona de La Garaba","article_modified_time":"2026-04-08T09:30:09+00:00","twitter_card":"summary_large_image","twitter_misc":{"Est. reading time":"1 minute"},"schema":{"@context":"https:\/\/schema.org","@graph":[{"@type":"WebPage","@id":"https:\/\/lacasonadelagaraba.com\/fr\/entorno\/","url":"https:\/\/lacasonadelagaraba.com\/fr\/entorno\/","name":"La Casona de La Garaba | Qu\u00e9 ver en Grado y su entorno","isPartOf":{"@id":"https:\/\/lacasonadelagaraba.com\/#website"},"datePublished":"2025-08-17T14:44:07+00:00","dateModified":"2026-04-08T09:30:09+00:00","description":"Explora Grado: la ruta del Oso, mercado de Grado y Oviedo a un paso de nuestra casa.","breadcrumb":{"@id":"https:\/\/lacasonadelagaraba.com\/fr\/entorno\/#breadcrumb"},"inLanguage":"fr-FR","potentialAction":[{"@type":"ReadAction","target":["https:\/\/lacasonadelagaraba.com\/fr\/entorno\/"]}]},{"@type":"BreadcrumbList","@id":"https:\/\/lacasonadelagaraba.com\/fr\/entorno\/#breadcrumb","itemListElement":[{"@type":"ListItem","position":1,"name":"Portada","item":"https:\/\/lacasonadelagaraba.com\/fr\/"},{"@type":"ListItem","position":2,"name":"Situation et environs"}]},{"@type":"WebSite","@id":"https:\/\/lacasonadelagaraba.com\/#website","url":"https:\/\/lacasonadelagaraba.com\/","name":"La Casona de La Garaba","description":"Tu refugio asturiano en plena naturaleza","publisher":{"@id":"https:\/\/lacasonadelagaraba.com\/#organization"},"alternateName":"Casa Dos Peixi\u00f1os","potentialAction":[{"@type":"SearchAction","target":{"@type":"EntryPoint","urlTemplate":"https:\/\/lacasonadelagaraba.com\/?s={search_term_string}"},"query-input":{"@type":"PropertyValueSpecification","valueRequired":true,"valueName":"search_term_string"}}],"inLanguage":"fr-FR"},{"@type":"Organization","@id":"https:\/\/lacasonadelagaraba.com\/#organization","name":"La Casona de La Garaba","url":"https:\/\/lacasonadelagaraba.com\/","logo":{"@type":"ImageObject","inLanguage":"fr-FR","@id":"https:\/\/lacasonadelagaraba.com\/#\/schema\/logo\/image\/","url":"https:\/\/lacasonadelagaraba.com\/wp-content\/uploads\/2026\/01\/Logo-La-Garaba-HZ-cabecera.png","contentUrl":"https:\/\/lacasonadelagaraba.com\/wp-content\/uploads\/2026\/01\/Logo-La-Garaba-HZ-cabecera.png","width":466,"height":200,"caption":"La Casona de La Garaba"},"image":{"@id":"https:\/\/lacasonadelagaraba.com\/#\/schema\/logo\/image\/"},"sameAs":["https:\/\/www.airbnb.es\/rooms\/11895052?guests=1&adults=1&s=67&unique_share_id=d361752a-f24f-4ecc-9142-e0c1ad33d4c1"]}]}},"_links":{"self":[{"href":"https:\/\/lacasonadelagaraba.com\/fr\/wp-json\/wp\/v2\/pages\/928","targetHints":{"allow":["GET"]}}],"collection":[{"href":"https:\/\/lacasonadelagaraba.com\/fr\/wp-json\/wp\/v2\/pages"}],"about":[{"href":"https:\/\/lacasonadelagaraba.com\/fr\/wp-json\/wp\/v2\/types\/page"}],"author":[{"embeddable":true,"href":"https:\/\/lacasonadelagaraba.com\/fr\/wp-json\/wp\/v2\/users\/1"}],"replies":[{"embeddable":true,"href":"https:\/\/lacasonadelagaraba.com\/fr\/wp-json\/wp\/v2\/comments?post=928"}],"version-history":[{"count":1,"href":"https:\/\/lacasonadelagaraba.com\/fr\/wp-json\/wp\/v2\/pages\/928\/revisions"}],"predecessor-version":[{"id":1021,"href":"https:\/\/lacasonadelagaraba.com\/fr\/wp-json\/wp\/v2\/pages\/928\/revisions\/1021"}],"wp:attachment":[{"href":"https:\/\/lacasonadelagaraba.com\/fr\/wp-json\/wp\/v2\/media?parent=928"}],"curies":[{"name":"wp","href":"https:\/\/api.w.org\/{rel}","templated":true}]}}