{"id":948,"date":"2025-08-17T17:14:01","date_gmt":"2025-08-17T17:14:01","guid":{"rendered":"https:\/\/lacasonadelagaraba.com\/politica-de-cookies\/"},"modified":"2026-04-08T11:33:58","modified_gmt":"2026-04-08T09:33:58","slug":"politica-de-cookies","status":"publish","type":"page","link":"https:\/\/lacasonadelagaraba.com\/fr\/politica-de-cookies\/","title":{"rendered":"Politique relative aux cookies"},"content":{"rendered":"<h1><span dir=\"auto\">Politique relative aux cookies<\/span><\/h1>\n<p>&nbsp;<\/p>\n<p><span dir=\"auto\">Ce site web utilise des cookies.<\/span><br \/>\n<span dir=\"auto\">La LSSI (Loi relative aux services de la soci\u00e9t\u00e9 de l&#8217;information et au commerce \u00e9lectronique) impose aux propri\u00e9taires de sites web d&#8217;informer les utilisateurs et d&#8217;obtenir leur consentement avant d&#8217;utiliser des cookies, m\u00eame si tous les cookies ne requi\u00e8rent pas ce consentement.<\/span><br \/>\n<span dir=\"auto\">Ce site a pour but de vous informer sur l&#8217;utilisation des cookies afin que vous puissiez donner votre consentement en toute connaissance de cause.<\/span><\/p>\n<p><b><i><span dir=\"auto\">Comment vous demanderons-nous votre consentement pour l&#8217;utilisation des cookies sur notre site\u00a0?<\/span><\/i><\/b><br \/>\n<span dir=\"auto\">Lors de votre premi\u00e8re visite sur notre site web, une banni\u00e8re ou une publicit\u00e9 s&#8217;affichera avec le texte suivant\u00a0: \u00ab\u00a0Ce site web utilise des cookies. En poursuivant votre navigation, vous acceptez leur utilisation (cliquez sur le bouton \u00ab\u00a0Accepter\u00a0\u00bb). En savoir plus sur les cookies.\u00a0\u00bb D\u00e8s lors, vous pourrez d\u00e9cider de continuer votre navigation sur notre site ou de le quitter si vous refusez l&#8217;utilisation des cookies.<\/span><\/p>\n<p><b><i><span dir=\"auto\">Que sont les cookies\u00a0?<\/span><\/i><\/b><br \/>\n<span dir=\"auto\">Les cookies sont de petits fichiers que les sites web que vous consultez envoient \u00e0 votre ordinateur et y stockent des donn\u00e9es. Ils sont enregistr\u00e9s dans le r\u00e9pertoire de fichiers de votre navigateur.<\/span><\/p>\n<p><i><span dir=\"auto\">\u00c0 quoi servent les cookies\u00a0?<\/span><\/i><br \/>\n<span dir=\"auto\">Les cookies servent \u00e0 personnaliser et \u00e0 optimiser l\u2019exp\u00e9rience de navigation de l\u2019utilisateur. Ils sont associ\u00e9s uniquement \u00e0 un utilisateur anonyme et \u00e0 son ordinateur et ne fournissent aucune information permettant de l\u2019identifier.<\/span><\/p>\n<p><b><i><span dir=\"auto\">Les cookies sont-ils dangereux ?<\/span><\/i><\/b><br \/>\n<span dir=\"auto\">Non.<\/span><\/p>\n<p><span dir=\"auto\">Les cookies sont de petits fichiers texte. Ce ne sont pas des programmes informatiques ex\u00e9cutables. Voici un exemple du contenu d&#8217;un cookie classique\u00a0:<\/span><\/p>\n<p><span dir=\"auto\">HMP1 1 hotmail.msn.com\/ 0 1715191808<\/span><br \/>\n<span dir=\"auto\">32107852 1236821008 29449527 *<\/span><br \/>\n<span dir=\"auto\">Ce code est uniquement valable pour les serveurs MSN Hotmail de Microsoft.<\/span><br \/>\n<span dir=\"auto\">Les cookies ne peuvent pas \u00eatre utilis\u00e9s pour propager des virus.<\/span><br \/>\n<span dir=\"auto\">Ils sont stock\u00e9s sur le disque dur de votre ordinateur et ne peuvent pas acc\u00e9der aux autres informations qui y sont stock\u00e9es.<\/span><br \/>\n<span dir=\"auto\">De plus, les navigateurs web offrent aux utilisateurs des outils pour g\u00e9rer l&#8217;utilisation des cookies.<\/span><\/p>\n<p><b><i><span dir=\"auto\">Quels types de cookies sont g\u00e9n\u00e9ralement utilis\u00e9s\u00a0?<\/span><\/i><\/b><br \/>\n<span dir=\"auto\">Nous pouvons classer les cookies utilis\u00e9s de diff\u00e9rentes mani\u00e8res.<\/span><br \/>\n<b><span dir=\"auto\">1. Du point de vue du consentement de l\u2019utilisateur, nous pouvons les classer comme suit\u00a0:<\/span><\/b><br \/>\n<span dir=\"auto\">Cookies strictement n\u00e9cessaires, qui ne requi\u00e8rent pas le consentement de l\u2019utilisateur.<\/span><br \/>\n<span dir=\"auto\">Ces cookies sont utilis\u00e9s pour l\u2019une des finalit\u00e9s suivantes\u00a0:<\/span><br \/>\n<span dir=\"auto\">permettre la communication entre l\u2019appareil de l\u2019utilisateur et le r\u00e9seau\u00a0;<\/span><br \/>\n<span dir=\"auto\">fournir strictement un service express\u00e9ment demand\u00e9 par l\u2019utilisateur.<\/span><br \/>\n<span dir=\"auto\">\u00c0 cet \u00e9gard, le Groupe de travail \u00ab\u00a0Article 29\u00a0\u00bb, dans son avis 4\/2012, a interpr\u00e9t\u00e9 que les cookies exempt\u00e9s incluraient ceux dont la finalit\u00e9 est\u00a0:<\/span><\/p>\n<p><span dir=\"auto\">Cookies de saisie utilisateur<\/span><br \/>\n<span dir=\"auto\">; cookies d\u2019authentification ou d\u2019identification de l\u2019utilisateur (session uniquement)\u00a0;<\/span><br \/>\n<span dir=\"auto\">cookies de s\u00e9curit\u00e9 utilisateur\u00a0;<\/span><br \/>\n<span dir=\"auto\">cookies de session du lecteur multim\u00e9dia<\/span><br \/>\n<span dir=\"auto\">; cookies de session d\u2019\u00e9quilibrage de charge<\/span><br \/>\n<span dir=\"auto\">; cookies de personnalisation de l\u2019interface utilisateur\u00a0;<\/span><br \/>\n<span dir=\"auto\">cookies du plugin de partage de contenu sur les r\u00e9seaux sociaux\u00a0;<\/span><br \/>\n<span dir=\"auto\">cookies n\u00e9cessitant le consentement de l\u2019utilisateur.<\/span><br \/>\n<span dir=\"auto\">Il s\u2019agit de tous les autres cookies non inclus dans la section pr\u00e9c\u00e9dente.<\/span><\/p>\n<p><b><span dir=\"auto\">2. Du point de vue de leur finalit\u00e9\u00a0:<\/span><\/b><br \/>\n<span dir=\"auto\">cookies techniques,<\/span><br \/>\n<span dir=\"auto\">cookies de personnalisation,<\/span><br \/>\n<span dir=\"auto\">cookies analytiques,<\/span><br \/>\n<span dir=\"auto\">cookies publicitaires,<\/span><br \/>\n<span dir=\"auto\">cookies de publicit\u00e9 comportementale<\/span><\/p>\n<p><b><span dir=\"auto\">3.-Selon leur dur\u00e9e de vie sur l&#8217;appareil de l&#8217;utilisateur\u00a0:<\/span><\/b><br \/>\n<span dir=\"auto\">Cookies de session<\/span><br \/>\n<span dir=\"auto\">Cookies persistants<\/span><\/p>\n<p><b><span dir=\"auto\">4. Selon l&#8217;entit\u00e9 qui les g\u00e8re<\/span><\/b><br \/>\n<span dir=\"auto\">: Cookies internes\u00a0: Ces cookies sont envoy\u00e9s au terminal de l&#8217;utilisateur depuis un ordinateur ou un domaine g\u00e9r\u00e9 par l&#8217;\u00e9diteur lui-m\u00eame, qui fournit le service demand\u00e9 par l&#8217;utilisateur.<\/span><br \/>\n<span dir=\"auto\">Cookies tiers\u00a0: Ces cookies sont envoy\u00e9s au terminal de l&#8217;utilisateur depuis un ordinateur ou un domaine non g\u00e9r\u00e9 par l&#8217;\u00e9diteur, mais par une autre entit\u00e9 qui traite les donn\u00e9es obtenues par le biais des cookies.<\/span><br \/>\n<span dir=\"auto\">Si des cookies sont install\u00e9s depuis un ordinateur ou un domaine g\u00e9r\u00e9 par l&#8217;\u00e9diteur lui-m\u00eame, mais que les informations collect\u00e9es par leur interm\u00e9diaire sont g\u00e9r\u00e9es par un tiers, il ne s&#8217;agit pas de cookies internes.<\/span><\/p>\n<p><b><i><span dir=\"auto\">Quels types de cookies ce site web utilise-t-il\u00a0?<\/span><\/i><\/b><br \/>\n<span dir=\"auto\">Ce site web utilise\u00a0:<\/span><br \/>\n<span dir=\"auto\">des cookies techniques strictement n\u00e9cessaires au bon fonctionnement de notre site web.<\/span><br \/>\n<span dir=\"auto\">Par exemple, les cookies n\u00e9cessaires \u00e0 l\u2019inscription des utilisateurs et \u00e0 la gestion du panier d\u2019achat.<\/span><br \/>\n<span dir=\"auto\">Des cookies WordPress pour faciliter la navigation des utilisateurs sur notre site web.<\/span><br \/>\n<span dir=\"auto\">Des cookies PayPal pour g\u00e9rer les paiements des commandes.<\/span><br \/>\n<span dir=\"auto\">Des cookies de r\u00e9seaux sociaux n\u00e9cessaires aux r\u00e9seaux sociaux externes<\/span><br \/>\n<span dir=\"auto\">. Des cookies analytiques. Il s\u2019agit de cookies li\u00e9s \u00e0 Google Analytics. Plus d\u2019informations sur les cookies de Google Analytics\u00a0:<\/span><br \/>\n<a href=\"https:\/\/developers.google.com\/analytics\/devguides\/collection\/analyticsjs\/cookie-usage\"><span dir=\"auto\">https:\/\/developers.google.com\/analytics\/devguides\/collection\/analyticsjs\/cookie-usage<\/span><\/a><br \/>\n<span dir=\"auto\">. Des cookies YouTube, pour int\u00e9grer des vid\u00e9os sur notre site web.<\/span><\/p>\n<p><b><i><span dir=\"auto\">Comment g\u00e9rer\/bloquer les cookies dans les navigateurs\u00a0?<\/span><\/i><\/b><br \/>\n<span dir=\"auto\">Tous les navigateurs permettent de g\u00e9rer la confidentialit\u00e9 et l\u2019utilisation des cookies, et m\u00eame de bloquer compl\u00e8tement leur utilisation.<\/span><br \/>\n<span dir=\"auto\">Nous avons inclus des liens contenant des informations pour diff\u00e9rents navigateurs\u00a0:<\/span><br \/>\n<span dir=\"auto\">Google Chrome\u00a0<\/span><a href=\"https:\/\/support.google.com\/chrome\/answer\/95647?hl=es\"><span dir=\"auto\">\u00a0: https:\/\/support.google.com\/chrome\/answer\/95647?hl=es<\/span><\/a><br \/>\n<span dir=\"auto\">; Firefox<\/span><br \/>\n<a href=\"http:\/\/support.mozilla.org\/es\/kb\/configuracion-de-la-privacidad-el-historial-de-nav?redirectlocale=es&amp;as=u&amp;redirectslug=Ventana+Opciones+-+Panel+Privacidad\"><span dir=\"auto\">\u00a0: http:\/\/support.mozilla.org\/es\/kb\/configuracion-de-la-privacidad-el-historial-de-nav?redirectlocale=es&amp;as=u&amp;redirectslug=Ventana+Opciones+-+Panel+Privacidad et<\/span><\/a><br \/>\n<a href=\"http:\/\/support.mozilla.org\/es\/kb\/cookies-informacion-que-los-sitios-web-guardan-en-?redirectlocale=en-US&amp;redirectslug=Cookies\"><span dir=\"auto\">http:\/\/support.mozilla.org\/es\/kb\/cookies-informacion-que-los-sitios-web-guardan-en-?redirectlocale=en-US&amp;redirectslug=Cookies<\/span><\/a><br \/>\n<span dir=\"auto\">; Internet Explorer\u00a0<\/span><a href=\"http:\/\/support.mozilla.org\/es\/kb\/cookies-informacion-que-los-sitios-web-guardan-en-?redirectlocale=en-US&amp;redirectslug=Cookies\"><span dir=\"auto\">\u00a0: http:\/\/windows.microsoft.com\/es-ES\/windows7\/How-to-manage-cookies-in-Internet-Explorer-9<\/span><\/a><br \/>\n<span dir=\"auto\">; Safari\u00a0: http:\/\/support.apple.com\/kb\/PH5042.<\/span><br \/>\n<span dir=\"auto\">Google a d\u00e9velopp\u00e9 un module compl\u00e9mentaire de navigateur permettant de d\u00e9sactiver Google Analytics. Vous pouvez y acc\u00e9der via le lien suivant\u00a0: Lien\u00a0:\u00a0<\/span><a href=\"https:\/\/tools.google.com\/dlpage\/gaoptout\"><span dir=\"auto\">\u00a0https:\/\/tools.google.com\/dlpage\/gaoptout<\/span><\/a><\/p>\n<p><b><i><span dir=\"auto\">Plus d&#8217;informations sur les cookies\u00a0:<\/span><\/i><\/b><br \/>\n<span dir=\"auto\">Guide de l&#8217;AEPD sur l&#8217;utilisation des cookies<\/span><br \/>\n<a href=\"http:\/\/www.agpd.es\/portalwebAGPD\/canaldocumentacion\/publicaciones\/common\/Guias\/Guia_Cookies.pdf%3C\/a%3E\"><span dir=\"auto\">\u00a0: http:\/\/www.agpd.es\/portalwebAGPD\/canaldocumentacion\/publicaciones\/common\/Guias\/Guia_Cookies.pdf<\/span><\/a><br \/>\n<span dir=\"auto\">Un site web contenant de nombreuses informations sur les cookies est\u00a0:<\/span><br \/>\n<a href=\"http:\/\/www.aboutcookies.org\/default.aspx\"><span dir=\"auto\">http:\/\/www.aboutcookies.org\/default.aspx<\/span><\/a><\/p>\n","protected":false},"excerpt":{"rendered":"<p>Politique relative aux cookies &nbsp; Ce site web utilise des cookies. La LSSI (Loi relative aux services de la soci\u00e9t\u00e9 de l&#8217;information et au commerce \u00e9lectronique) impose aux propri\u00e9taires de&#8230;<\/p>\n","protected":false},"author":1,"featured_media":0,"parent":0,"menu_order":0,"comment_status":"closed","ping_status":"closed","template":"page-left-sidebar.php","meta":{"footnotes":""},"class_list":["post-948","page","type-page","status-publish"],"yoast_head":"<!-- This site is optimized with the Yoast SEO plugin v27.3 - https:\/\/yoast.com\/product\/yoast-seo-wordpress\/ -->\n<title>Politique relative aux cookies | La Casona de La Garaba<\/title>\n<meta name=\"robots\" content=\"index, follow, max-snippet:-1, max-image-preview:large, max-video-preview:-1\" \/>\n<link rel=\"canonical\" href=\"https:\/\/lacasonadelagaraba.com\/fr\/politica-de-cookies\/\" \/>\n<meta property=\"og:locale\" content=\"fr_FR\" \/>\n<meta property=\"og:type\" content=\"article\" \/>\n<meta property=\"og:title\" content=\"Politique relative aux cookies | La Casona de La Garaba\" \/>\n<meta property=\"og:description\" content=\"Politique relative aux cookies &nbsp; Ce site web utilise des cookies. La LSSI (Loi relative aux services de la soci\u00e9t\u00e9 de l&#8217;information et au commerce \u00e9lectronique) impose aux propri\u00e9taires de...\" \/>\n<meta property=\"og:url\" content=\"https:\/\/lacasonadelagaraba.com\/fr\/politica-de-cookies\/\" \/>\n<meta property=\"og:site_name\" content=\"La Casona de La Garaba\" \/>\n<meta property=\"article:modified_time\" content=\"2026-04-08T09:33:58+00:00\" \/>\n<meta name=\"twitter:card\" content=\"summary_large_image\" \/>\n<meta name=\"twitter:label1\" content=\"Est. reading time\" \/>\n\t<meta name=\"twitter:data1\" content=\"4 minutes\" \/>\n<script type=\"application\/ld+json\" class=\"yoast-schema-graph\">{\"@context\":\"https:\\\/\\\/schema.org\",\"@graph\":[{\"@type\":\"WebPage\",\"@id\":\"https:\\\/\\\/lacasonadelagaraba.com\\\/fr\\\/politica-de-cookies\\\/\",\"url\":\"https:\\\/\\\/lacasonadelagaraba.com\\\/fr\\\/politica-de-cookies\\\/\",\"name\":\"Politique relative aux cookies | La Casona de La Garaba\",\"isPartOf\":{\"@id\":\"https:\\\/\\\/lacasonadelagaraba.com\\\/#website\"},\"datePublished\":\"2025-08-17T17:14:01+00:00\",\"dateModified\":\"2026-04-08T09:33:58+00:00\",\"breadcrumb\":{\"@id\":\"https:\\\/\\\/lacasonadelagaraba.com\\\/fr\\\/politica-de-cookies\\\/#breadcrumb\"},\"inLanguage\":\"fr-FR\",\"potentialAction\":[{\"@type\":\"ReadAction\",\"target\":[\"https:\\\/\\\/lacasonadelagaraba.com\\\/fr\\\/politica-de-cookies\\\/\"]}]},{\"@type\":\"BreadcrumbList\",\"@id\":\"https:\\\/\\\/lacasonadelagaraba.com\\\/fr\\\/politica-de-cookies\\\/#breadcrumb\",\"itemListElement\":[{\"@type\":\"ListItem\",\"position\":1,\"name\":\"Portada\",\"item\":\"https:\\\/\\\/lacasonadelagaraba.com\\\/fr\\\/\"},{\"@type\":\"ListItem\",\"position\":2,\"name\":\"Politique relative aux cookies\"}]},{\"@type\":\"WebSite\",\"@id\":\"https:\\\/\\\/lacasonadelagaraba.com\\\/#website\",\"url\":\"https:\\\/\\\/lacasonadelagaraba.com\\\/\",\"name\":\"La Casona de La Garaba\",\"description\":\"Tu refugio asturiano en plena naturaleza\",\"publisher\":{\"@id\":\"https:\\\/\\\/lacasonadelagaraba.com\\\/#organization\"},\"alternateName\":\"Casa Dos Peixi\u00f1os\",\"potentialAction\":[{\"@type\":\"SearchAction\",\"target\":{\"@type\":\"EntryPoint\",\"urlTemplate\":\"https:\\\/\\\/lacasonadelagaraba.com\\\/?s={search_term_string}\"},\"query-input\":{\"@type\":\"PropertyValueSpecification\",\"valueRequired\":true,\"valueName\":\"search_term_string\"}}],\"inLanguage\":\"fr-FR\"},{\"@type\":\"Organization\",\"@id\":\"https:\\\/\\\/lacasonadelagaraba.com\\\/#organization\",\"name\":\"La Casona de La Garaba\",\"url\":\"https:\\\/\\\/lacasonadelagaraba.com\\\/\",\"logo\":{\"@type\":\"ImageObject\",\"inLanguage\":\"fr-FR\",\"@id\":\"https:\\\/\\\/lacasonadelagaraba.com\\\/#\\\/schema\\\/logo\\\/image\\\/\",\"url\":\"https:\\\/\\\/lacasonadelagaraba.com\\\/wp-content\\\/uploads\\\/2026\\\/01\\\/Logo-La-Garaba-HZ-cabecera.png\",\"contentUrl\":\"https:\\\/\\\/lacasonadelagaraba.com\\\/wp-content\\\/uploads\\\/2026\\\/01\\\/Logo-La-Garaba-HZ-cabecera.png\",\"width\":466,\"height\":200,\"caption\":\"La Casona de La Garaba\"},\"image\":{\"@id\":\"https:\\\/\\\/lacasonadelagaraba.com\\\/#\\\/schema\\\/logo\\\/image\\\/\"},\"sameAs\":[\"https:\\\/\\\/www.airbnb.es\\\/rooms\\\/11895052?guests=1&adults=1&s=67&unique_share_id=d361752a-f24f-4ecc-9142-e0c1ad33d4c1\"]}]}<\/script>\n<!-- \/ Yoast SEO plugin. -->","yoast_head_json":{"title":"Politique relative aux cookies | La Casona de La Garaba","robots":{"index":"index","follow":"follow","max-snippet":"max-snippet:-1","max-image-preview":"max-image-preview:large","max-video-preview":"max-video-preview:-1"},"canonical":"https:\/\/lacasonadelagaraba.com\/fr\/politica-de-cookies\/","og_locale":"fr_FR","og_type":"article","og_title":"Politique relative aux cookies | La Casona de La Garaba","og_description":"Politique relative aux cookies &nbsp; Ce site web utilise des cookies. La LSSI (Loi relative aux services de la soci\u00e9t\u00e9 de l&#8217;information et au commerce \u00e9lectronique) impose aux propri\u00e9taires de...","og_url":"https:\/\/lacasonadelagaraba.com\/fr\/politica-de-cookies\/","og_site_name":"La Casona de La Garaba","article_modified_time":"2026-04-08T09:33:58+00:00","twitter_card":"summary_large_image","twitter_misc":{"Est. reading time":"4 minutes"},"schema":{"@context":"https:\/\/schema.org","@graph":[{"@type":"WebPage","@id":"https:\/\/lacasonadelagaraba.com\/fr\/politica-de-cookies\/","url":"https:\/\/lacasonadelagaraba.com\/fr\/politica-de-cookies\/","name":"Politique relative aux cookies | La Casona de La Garaba","isPartOf":{"@id":"https:\/\/lacasonadelagaraba.com\/#website"},"datePublished":"2025-08-17T17:14:01+00:00","dateModified":"2026-04-08T09:33:58+00:00","breadcrumb":{"@id":"https:\/\/lacasonadelagaraba.com\/fr\/politica-de-cookies\/#breadcrumb"},"inLanguage":"fr-FR","potentialAction":[{"@type":"ReadAction","target":["https:\/\/lacasonadelagaraba.com\/fr\/politica-de-cookies\/"]}]},{"@type":"BreadcrumbList","@id":"https:\/\/lacasonadelagaraba.com\/fr\/politica-de-cookies\/#breadcrumb","itemListElement":[{"@type":"ListItem","position":1,"name":"Portada","item":"https:\/\/lacasonadelagaraba.com\/fr\/"},{"@type":"ListItem","position":2,"name":"Politique relative aux cookies"}]},{"@type":"WebSite","@id":"https:\/\/lacasonadelagaraba.com\/#website","url":"https:\/\/lacasonadelagaraba.com\/","name":"La Casona de La Garaba","description":"Tu refugio asturiano en plena naturaleza","publisher":{"@id":"https:\/\/lacasonadelagaraba.com\/#organization"},"alternateName":"Casa Dos Peixi\u00f1os","potentialAction":[{"@type":"SearchAction","target":{"@type":"EntryPoint","urlTemplate":"https:\/\/lacasonadelagaraba.com\/?s={search_term_string}"},"query-input":{"@type":"PropertyValueSpecification","valueRequired":true,"valueName":"search_term_string"}}],"inLanguage":"fr-FR"},{"@type":"Organization","@id":"https:\/\/lacasonadelagaraba.com\/#organization","name":"La Casona de La Garaba","url":"https:\/\/lacasonadelagaraba.com\/","logo":{"@type":"ImageObject","inLanguage":"fr-FR","@id":"https:\/\/lacasonadelagaraba.com\/#\/schema\/logo\/image\/","url":"https:\/\/lacasonadelagaraba.com\/wp-content\/uploads\/2026\/01\/Logo-La-Garaba-HZ-cabecera.png","contentUrl":"https:\/\/lacasonadelagaraba.com\/wp-content\/uploads\/2026\/01\/Logo-La-Garaba-HZ-cabecera.png","width":466,"height":200,"caption":"La Casona de La Garaba"},"image":{"@id":"https:\/\/lacasonadelagaraba.com\/#\/schema\/logo\/image\/"},"sameAs":["https:\/\/www.airbnb.es\/rooms\/11895052?guests=1&adults=1&s=67&unique_share_id=d361752a-f24f-4ecc-9142-e0c1ad33d4c1"]}]}},"_links":{"self":[{"href":"https:\/\/lacasonadelagaraba.com\/fr\/wp-json\/wp\/v2\/pages\/948","targetHints":{"allow":["GET"]}}],"collection":[{"href":"https:\/\/lacasonadelagaraba.com\/fr\/wp-json\/wp\/v2\/pages"}],"about":[{"href":"https:\/\/lacasonadelagaraba.com\/fr\/wp-json\/wp\/v2\/types\/page"}],"author":[{"embeddable":true,"href":"https:\/\/lacasonadelagaraba.com\/fr\/wp-json\/wp\/v2\/users\/1"}],"replies":[{"embeddable":true,"href":"https:\/\/lacasonadelagaraba.com\/fr\/wp-json\/wp\/v2\/comments?post=948"}],"version-history":[{"count":1,"href":"https:\/\/lacasonadelagaraba.com\/fr\/wp-json\/wp\/v2\/pages\/948\/revisions"}],"predecessor-version":[{"id":1026,"href":"https:\/\/lacasonadelagaraba.com\/fr\/wp-json\/wp\/v2\/pages\/948\/revisions\/1026"}],"wp:attachment":[{"href":"https:\/\/lacasonadelagaraba.com\/fr\/wp-json\/wp\/v2\/media?parent=948"}],"curies":[{"name":"wp","href":"https:\/\/api.w.org\/{rel}","templated":true}]}}