{"id":957,"date":"2026-01-01T17:07:49","date_gmt":"2026-01-01T17:07:49","guid":{"rendered":"https:\/\/lacasonadelagaraba.com\/tarifas\/"},"modified":"2026-04-08T11:41:36","modified_gmt":"2026-04-08T09:41:36","slug":"tarifas","status":"publish","type":"page","link":"https:\/\/lacasonadelagaraba.com\/fr\/tarifas\/","title":{"rendered":"Tarifs et prix"},"content":{"rendered":"[vc_row type=&#8221;in_container&#8221; full_screen_row_position=&#8221;middle&#8221; column_margin=&#8221;default&#8221; column_direction=&#8221;default&#8221; column_direction_tablet=&#8221;default&#8221; column_direction_phone=&#8221;default&#8221; scene_position=&#8221;center&#8221; top_margin=&#8221;40&#8243; bottom_margin=&#8221;0&#8243; text_color=&#8221;dark&#8221; text_align=&#8221;left&#8221; row_border_radius=&#8221;none&#8221; row_border_radius_applies=&#8221;bg&#8221; overflow=&#8221;visible&#8221; overlay_strength=&#8221;0.3&#8243; gradient_direction=&#8221;left_to_right&#8221; shape_divider_position=&#8221;bottom&#8221; bg_image_animation=&#8221;none&#8221; gradient_type=&#8221;default&#8221; shape_type=&#8221;&#8221;][vc_column column_padding=&#8221;no-extra-padding&#8221; column_padding_tablet=&#8221;inherit&#8221; column_padding_phone=&#8221;inherit&#8221; column_padding_position=&#8221;all&#8221; column_element_direction_desktop=&#8221;default&#8221; column_element_spacing=&#8221;default&#8221; desktop_text_alignment=&#8221;default&#8221; tablet_text_alignment=&#8221;default&#8221; phone_text_alignment=&#8221;default&#8221; background_color_opacity=&#8221;1&#8243; background_hover_color_opacity=&#8221;1&#8243; column_backdrop_filter=&#8221;none&#8221; column_shadow=&#8221;none&#8221; column_border_radius=&#8221;none&#8221; column_link_target=&#8221;_self&#8221; column_position=&#8221;default&#8221; gradient_direction=&#8221;left_to_right&#8221; overlay_strength=&#8221;0.3&#8243; width=&#8221;1\/1&#8243; tablet_width_inherit=&#8221;default&#8221; animation_type=&#8221;default&#8221; bg_image_animation=&#8221;none&#8221; border_type=&#8221;simple&#8221; column_border_width=&#8221;none&#8221; column_border_style=&#8221;solid&#8221;][vc_column_text css=&#8221;&#8221; text_direction=&#8221;default&#8221;]\n<h2><span dir=\"auto\">TARIFS G\u00c9N\u00c9RAUX<\/span><\/h2>\n<p><span dir=\"auto\">Dans cette section, vous trouverez notre grille tarifaire en fonction de la saison et bas\u00e9e sur des s\u00e9jours \u00e0 la semaine.<\/span>[\/vc_column_text][divider line_type=&#8221;No Line&#8221; custom_height=&#8221;30&#8243;][vc_column_text css=&#8221;&#8221; text_direction=&#8221;default&#8221;]<span dir=\"auto\">Le s\u00e9jour minimum autoris\u00e9 est de 2 nuits.<\/span><\/p>\n<p><span dir=\"auto\">Si vous le souhaitez, nous serons heureux de vous pr\u00e9parer un devis adapt\u00e9 \u00e0 vos besoins en fonction de la saison, du nombre de chambres et de nuits demand\u00e9es.<\/span>[\/vc_column_text][divider line_type=&#8221;No Line&#8221; custom_height=&#8221;30&#8243;][vc_column_text css=&#8221;&#8221; text_direction=&#8221;default&#8221;]\n<h3><span dir=\"auto\">Souhaitez-vous faire une r\u00e9servation\u00a0?<\/span><\/h3>\n<p><span dir=\"auto\">Vous pouvez nous contacter par courriel ou par t\u00e9l\u00e9phone au +34 91 7267055 ou au +34 630081813.<\/span>[\/vc_column_text][\/vc_column][\/vc_row][vc_row type=&#8221;in_container&#8221; full_screen_row_position=&#8221;middle&#8221; column_margin=&#8221;default&#8221; equal_height=&#8221;yes&#8221; column_direction=&#8221;default&#8221; column_direction_tablet=&#8221;default&#8221; column_direction_phone=&#8221;default&#8221; scene_position=&#8221;center&#8221; text_color=&#8221;light&#8221; text_align=&#8221;left&#8221; row_border_radius=&#8221;none&#8221; row_border_radius_applies=&#8221;bg&#8221; overflow=&#8221;visible&#8221; overlay_strength=&#8221;0.3&#8243; gradient_direction=&#8221;left_to_right&#8221; shape_divider_position=&#8221;bottom&#8221; bg_image_animation=&#8221;none&#8221; gradient_type=&#8221;default&#8221; shape_type=&#8221;&#8221;][vc_column column_padding=&#8221;no-extra-padding&#8221; column_padding_tablet=&#8221;inherit&#8221; column_padding_phone=&#8221;inherit&#8221; column_padding_position=&#8221;all&#8221; column_element_direction_desktop=&#8221;default&#8221; column_element_spacing=&#8221;default&#8221; desktop_text_alignment=&#8221;default&#8221; tablet_text_alignment=&#8221;default&#8221; phone_text_alignment=&#8221;default&#8221; background_color_opacity=&#8221;1&#8243; background_hover_color_opacity=&#8221;1&#8243; column_backdrop_filter=&#8221;none&#8221; font_color=&#8221;#5E4635&#8243; column_shadow=&#8221;none&#8221; column_border_radius=&#8221;none&#8221; column_link_target=&#8221;_self&#8221; column_position=&#8221;default&#8221; gradient_direction=&#8221;left_to_right&#8221; overlay_strength=&#8221;0.3&#8243; width=&#8221;1\/1&#8243; tablet_width_inherit=&#8221;default&#8221; animation_type=&#8221;default&#8221; bg_image_animation=&#8221;none&#8221; border_type=&#8221;simple&#8221; column_border_width=&#8221;none&#8221; column_border_style=&#8221;solid&#8221; column_padding_type=&#8221;default&#8221; gradient_type=&#8221;default&#8221;][pricing_table style=&#8221;default&#8221;][pricing_column color=&#8221;Accent-Color&#8221; title=&#8221;Hors saison&#8221; id=&#8221;1775641259439-7&#8243; tab_id=&#8221;1775641259440-9&#8243; price=&#8221;200&#8243; currency_symbol=&#8221;\u20ac&#8221; interval=&#8221;par nuit&#8221;]<span dir=\"auto\">Minimum 3 nuits<\/span><\/p>\n<p><span dir=\"auto\">Du dimanche au jeudi<\/span>[\/pricing_column][pricing_column color=&#8221;Accent-Color&#8221; title=&#8221;Tarif week-end&#8221; id=&#8221;1775641259450-4&#8243; tab_id=&#8221;1775641259450-0&#8243; price=&#8221;275&#8243; currency_symbol=&#8221;\u20ac&#8221; interval=&#8221;par nuit&#8221;]<span dir=\"auto\">Minimum 2 nuits<\/span><\/p>\n<p><span dir=\"auto\">Les vendredis et samedis<\/span>[\/pricing_column][pricing_column color=&#8221;Accent-Color&#8221; title=&#8221;Pleine saison&#8221; id=&#8221;1775641259453-4&#8243; tab_id=&#8221;1775641259454-1&#8243; price=&#8221;275&#8243; currency_symbol=&#8221;\u20ac&#8221; interval=&#8221;par nuit&#8221;]<span dir=\"auto\">Minimum 7 nuits<\/span><\/p>\n<p><span dir=\"auto\">juillet et ao\u00fbt<\/span>[\/pricing_column][\/pricing_table][\/vc_column][\/vc_row][vc_row type=&#8221;in_container&#8221; full_screen_row_position=&#8221;middle&#8221; column_margin=&#8221;default&#8221; column_direction=&#8221;default&#8221; column_direction_tablet=&#8221;default&#8221; column_direction_phone=&#8221;default&#8221; scene_position=&#8221;center&#8221; top_margin=&#8221;60&#8243; bottom_margin=&#8221;0&#8243; text_color=&#8221;dark&#8221; text_align=&#8221;left&#8221; row_border_radius=&#8221;none&#8221; row_border_radius_applies=&#8221;bg&#8221; overflow=&#8221;visible&#8221; overlay_strength=&#8221;0.3&#8243; gradient_direction=&#8221;left_to_right&#8221; shape_divider_position=&#8221;bottom&#8221; bg_image_animation=&#8221;none&#8221; gradient_type=&#8221;default&#8221; shape_type=&#8221;&#8221;][vc_column column_padding=&#8221;padding-3-percent&#8221; column_padding_tablet=&#8221;inherit&#8221; column_padding_phone=&#8221;inherit&#8221; column_padding_position=&#8221;all&#8221; column_element_direction_desktop=&#8221;default&#8221; column_element_spacing=&#8221;default&#8221; desktop_text_alignment=&#8221;default&#8221; tablet_text_alignment=&#8221;default&#8221; phone_text_alignment=&#8221;default&#8221; background_color=&#8221;#E8E0DA&#8221; background_color_opacity=&#8221;1&#8243; background_hover_color_opacity=&#8221;1&#8243; column_backdrop_filter=&#8221;none&#8221; font_color=&#8221;#5E4635&#8243; column_shadow=&#8221;none&#8221; column_border_radius=&#8221;none&#8221; column_link_target=&#8221;_self&#8221; column_position=&#8221;default&#8221; gradient_direction=&#8221;left_to_right&#8221; overlay_strength=&#8221;0.3&#8243; width=&#8221;1\/1&#8243; tablet_width_inherit=&#8221;default&#8221; animation_type=&#8221;default&#8221; bg_image_animation=&#8221;none&#8221; border_type=&#8221;simple&#8221; column_border_width=&#8221;none&#8221; column_border_style=&#8221;solid&#8221; column_padding_type=&#8221;default&#8221; gradient_type=&#8221;default&#8221;]<div class=\"iwithtext\"><div class=\"iwt-icon\"> <i class=\"icon-default-style fa fa-info-circle accent-color\"><\/i> <\/div><div class=\"iwt-text\"> <span dir=\"auto\">Demandez des informations sur les tarifs pour les longs week-ends, P\u00e2ques, le r\u00e9veillon de No\u00ebl et le r\u00e9veillon du Nouvel An.<\/span><\/p>\n<p><span dir=\"auto\">Si vous le souhaitez, nous serons heureux de vous pr\u00e9parer un devis adapt\u00e9 \u00e0 vos besoins en fonction de la saison, du nombre de chambres et de nuits demand\u00e9es.<\/span> <\/div><div class=\"clear\"><\/div><\/div>[\/vc_column][\/vc_row][vc_row type=&#8221;full_width_content&#8221; full_screen_row_position=&#8221;middle&#8221; column_margin=&#8221;default&#8221; equal_height=&#8221;yes&#8221; content_placement=&#8221;middle&#8221; column_direction=&#8221;default&#8221; column_direction_tablet=&#8221;default&#8221; column_direction_phone=&#8221;default&#8221; scene_position=&#8221;center&#8221; top_margin=&#8221;0&#8243; constrain_group_7=&#8221;yes&#8221; bottom_margin=&#8221;0&#8243; text_color=&#8221;dark&#8221; text_align=&#8221;center&#8221; row_border_radius=&#8221;none&#8221; row_border_radius_applies=&#8221;bg&#8221; overflow=&#8221;visible&#8221; overlay_strength=&#8221;0.3&#8243; gradient_direction=&#8221;left_to_right&#8221; shape_divider_position=&#8221;bottom&#8221; bg_image_animation=&#8221;none&#8221; gradient_type=&#8221;default&#8221; shape_type=&#8221;&#8221;][vc_column column_padding=&#8221;padding-2-percent&#8221; column_padding_tablet=&#8221;inherit&#8221; column_padding_phone=&#8221;inherit&#8221; column_padding_position=&#8221;all&#8221; column_element_direction_desktop=&#8221;default&#8221; column_element_spacing=&#8221;default&#8221; centered_text=&#8221;true&#8221; desktop_text_alignment=&#8221;default&#8221; tablet_text_alignment=&#8221;default&#8221; phone_text_alignment=&#8221;default&#8221; background_color_opacity=&#8221;1&#8243; background_hover_color_opacity=&#8221;1&#8243; column_backdrop_filter=&#8221;none&#8221; column_shadow=&#8221;none&#8221; column_border_radius=&#8221;none&#8221; column_link_target=&#8221;_self&#8221; column_position=&#8221;default&#8221; gradient_direction=&#8221;left_to_right&#8221; overlay_strength=&#8221;0.3&#8243; width=&#8221;1\/1&#8243; tablet_width_inherit=&#8221;default&#8221; animation_type=&#8221;default&#8221; bg_image_animation=&#8221;none&#8221; border_type=&#8221;simple&#8221; column_border_width=&#8221;none&#8221; column_border_style=&#8221;solid&#8221; column_padding_type=&#8221;default&#8221; gradient_type=&#8221;default&#8221;][nectar_btn size=&#8221;jumbo&#8221; button_style=&#8221;regular&#8221; button_color_2=&#8221;Accent-Color&#8221; icon_family=&#8221;default_arrow&#8221; text=&#8221;Contactez-nous&#8221; url=&#8221;\/fr\/contacto\/&#8221; aria_label_text=&#8221;conoce la casa&#8221;][\/vc_column][\/vc_row]\n","protected":false},"excerpt":{"rendered":"<p>[vc_row type=&#8221;in_container&#8221; full_screen_row_position=&#8221;middle&#8221; column_margin=&#8221;default&#8221; column_direction=&#8221;default&#8221; column_direction_tablet=&#8221;default&#8221; column_direction_phone=&#8221;default&#8221; scene_position=&#8221;center&#8221; top_margin=&#8221;40&#8243; bottom_margin=&#8221;0&#8243; text_color=&#8221;dark&#8221; text_align=&#8221;left&#8221; row_border_radius=&#8221;none&#8221; row_border_radius_applies=&#8221;bg&#8221; overflow=&#8221;visible&#8221; overlay_strength=&#8221;0.3&#8243; gradient_direction=&#8221;left_to_right&#8221; shape_divider_position=&#8221;bottom&#8221; bg_image_animation=&#8221;none&#8221; gradient_type=&#8221;default&#8221; shape_type=&#8221;&#8221;][vc_column column_padding=&#8221;no-extra-padding&#8221; column_padding_tablet=&#8221;inherit&#8221; column_padding_phone=&#8221;inherit&#8221; column_padding_position=&#8221;all&#8221; column_element_direction_desktop=&#8221;default&#8221; column_element_spacing=&#8221;default&#8221; desktop_text_alignment=&#8221;default&#8221; tablet_text_alignment=&#8221;default&#8221; phone_text_alignment=&#8221;default&#8221;&#8230;<\/p>\n","protected":false},"author":1,"featured_media":0,"parent":0,"menu_order":0,"comment_status":"closed","ping_status":"closed","template":"page-left-sidebar.php","meta":{"footnotes":""},"class_list":["post-957","page","type-page","status-publish"],"yoast_head":"<!-- This site is optimized with the Yoast SEO plugin v27.3 - https:\/\/yoast.com\/product\/yoast-seo-wordpress\/ -->\n<title>Tarifas y Precios | La Casona de la Garaba<\/title>\n<meta name=\"description\" content=\"Consulta nuestros precios y condiciones para alquilar la casa completa. Tarifas especiales para grupos y estancias largas en Grado, Asturias.\" \/>\n<meta name=\"robots\" content=\"index, follow, max-snippet:-1, max-image-preview:large, max-video-preview:-1\" \/>\n<link rel=\"canonical\" href=\"https:\/\/lacasonadelagaraba.com\/fr\/tarifas\/\" \/>\n<meta property=\"og:locale\" content=\"fr_FR\" \/>\n<meta property=\"og:type\" content=\"article\" \/>\n<meta property=\"og:title\" content=\"Tarifas y Precios | La Casona de la Garaba\" \/>\n<meta property=\"og:description\" content=\"Consulta nuestros precios y condiciones para alquilar la casa completa. Tarifas especiales para grupos y estancias largas en Grado, Asturias.\" \/>\n<meta property=\"og:url\" content=\"https:\/\/lacasonadelagaraba.com\/fr\/tarifas\/\" \/>\n<meta property=\"og:site_name\" content=\"La Casona de La Garaba\" \/>\n<meta property=\"article:modified_time\" content=\"2026-04-08T09:41:36+00:00\" \/>\n<meta name=\"twitter:card\" content=\"summary_large_image\" \/>\n<meta name=\"twitter:label1\" content=\"Est. reading time\" \/>\n\t<meta name=\"twitter:data1\" content=\"1 minute\" \/>\n<script type=\"application\/ld+json\" class=\"yoast-schema-graph\">{\"@context\":\"https:\\\/\\\/schema.org\",\"@graph\":[{\"@type\":\"WebPage\",\"@id\":\"https:\\\/\\\/lacasonadelagaraba.com\\\/fr\\\/tarifas\\\/\",\"url\":\"https:\\\/\\\/lacasonadelagaraba.com\\\/fr\\\/tarifas\\\/\",\"name\":\"Tarifas y Precios | La Casona de la Garaba\",\"isPartOf\":{\"@id\":\"https:\\\/\\\/lacasonadelagaraba.com\\\/#website\"},\"datePublished\":\"2026-01-01T17:07:49+00:00\",\"dateModified\":\"2026-04-08T09:41:36+00:00\",\"description\":\"Consulta nuestros precios y condiciones para alquilar la casa completa. Tarifas especiales para grupos y estancias largas en Grado, Asturias.\",\"breadcrumb\":{\"@id\":\"https:\\\/\\\/lacasonadelagaraba.com\\\/fr\\\/tarifas\\\/#breadcrumb\"},\"inLanguage\":\"fr-FR\",\"potentialAction\":[{\"@type\":\"ReadAction\",\"target\":[\"https:\\\/\\\/lacasonadelagaraba.com\\\/fr\\\/tarifas\\\/\"]}]},{\"@type\":\"BreadcrumbList\",\"@id\":\"https:\\\/\\\/lacasonadelagaraba.com\\\/fr\\\/tarifas\\\/#breadcrumb\",\"itemListElement\":[{\"@type\":\"ListItem\",\"position\":1,\"name\":\"Portada\",\"item\":\"https:\\\/\\\/lacasonadelagaraba.com\\\/fr\\\/\"},{\"@type\":\"ListItem\",\"position\":2,\"name\":\"Tarifs et prix\"}]},{\"@type\":\"WebSite\",\"@id\":\"https:\\\/\\\/lacasonadelagaraba.com\\\/#website\",\"url\":\"https:\\\/\\\/lacasonadelagaraba.com\\\/\",\"name\":\"La Casona de La Garaba\",\"description\":\"Tu refugio asturiano en plena naturaleza\",\"publisher\":{\"@id\":\"https:\\\/\\\/lacasonadelagaraba.com\\\/#organization\"},\"alternateName\":\"Casa Dos Peixi\u00f1os\",\"potentialAction\":[{\"@type\":\"SearchAction\",\"target\":{\"@type\":\"EntryPoint\",\"urlTemplate\":\"https:\\\/\\\/lacasonadelagaraba.com\\\/?s={search_term_string}\"},\"query-input\":{\"@type\":\"PropertyValueSpecification\",\"valueRequired\":true,\"valueName\":\"search_term_string\"}}],\"inLanguage\":\"fr-FR\"},{\"@type\":\"Organization\",\"@id\":\"https:\\\/\\\/lacasonadelagaraba.com\\\/#organization\",\"name\":\"La Casona de La Garaba\",\"url\":\"https:\\\/\\\/lacasonadelagaraba.com\\\/\",\"logo\":{\"@type\":\"ImageObject\",\"inLanguage\":\"fr-FR\",\"@id\":\"https:\\\/\\\/lacasonadelagaraba.com\\\/#\\\/schema\\\/logo\\\/image\\\/\",\"url\":\"https:\\\/\\\/lacasonadelagaraba.com\\\/wp-content\\\/uploads\\\/2026\\\/01\\\/Logo-La-Garaba-HZ-cabecera.png\",\"contentUrl\":\"https:\\\/\\\/lacasonadelagaraba.com\\\/wp-content\\\/uploads\\\/2026\\\/01\\\/Logo-La-Garaba-HZ-cabecera.png\",\"width\":466,\"height\":200,\"caption\":\"La Casona de La Garaba\"},\"image\":{\"@id\":\"https:\\\/\\\/lacasonadelagaraba.com\\\/#\\\/schema\\\/logo\\\/image\\\/\"},\"sameAs\":[\"https:\\\/\\\/www.airbnb.es\\\/rooms\\\/11895052?guests=1&adults=1&s=67&unique_share_id=d361752a-f24f-4ecc-9142-e0c1ad33d4c1\"]}]}<\/script>\n<!-- \/ Yoast SEO plugin. -->","yoast_head_json":{"title":"Tarifas y Precios | La Casona de la Garaba","description":"Consulta nuestros precios y condiciones para alquilar la casa completa. Tarifas especiales para grupos y estancias largas en Grado, Asturias.","robots":{"index":"index","follow":"follow","max-snippet":"max-snippet:-1","max-image-preview":"max-image-preview:large","max-video-preview":"max-video-preview:-1"},"canonical":"https:\/\/lacasonadelagaraba.com\/fr\/tarifas\/","og_locale":"fr_FR","og_type":"article","og_title":"Tarifas y Precios | La Casona de la Garaba","og_description":"Consulta nuestros precios y condiciones para alquilar la casa completa. Tarifas especiales para grupos y estancias largas en Grado, Asturias.","og_url":"https:\/\/lacasonadelagaraba.com\/fr\/tarifas\/","og_site_name":"La Casona de La Garaba","article_modified_time":"2026-04-08T09:41:36+00:00","twitter_card":"summary_large_image","twitter_misc":{"Est. reading time":"1 minute"},"schema":{"@context":"https:\/\/schema.org","@graph":[{"@type":"WebPage","@id":"https:\/\/lacasonadelagaraba.com\/fr\/tarifas\/","url":"https:\/\/lacasonadelagaraba.com\/fr\/tarifas\/","name":"Tarifas y Precios | La Casona de la Garaba","isPartOf":{"@id":"https:\/\/lacasonadelagaraba.com\/#website"},"datePublished":"2026-01-01T17:07:49+00:00","dateModified":"2026-04-08T09:41:36+00:00","description":"Consulta nuestros precios y condiciones para alquilar la casa completa. Tarifas especiales para grupos y estancias largas en Grado, Asturias.","breadcrumb":{"@id":"https:\/\/lacasonadelagaraba.com\/fr\/tarifas\/#breadcrumb"},"inLanguage":"fr-FR","potentialAction":[{"@type":"ReadAction","target":["https:\/\/lacasonadelagaraba.com\/fr\/tarifas\/"]}]},{"@type":"BreadcrumbList","@id":"https:\/\/lacasonadelagaraba.com\/fr\/tarifas\/#breadcrumb","itemListElement":[{"@type":"ListItem","position":1,"name":"Portada","item":"https:\/\/lacasonadelagaraba.com\/fr\/"},{"@type":"ListItem","position":2,"name":"Tarifs et prix"}]},{"@type":"WebSite","@id":"https:\/\/lacasonadelagaraba.com\/#website","url":"https:\/\/lacasonadelagaraba.com\/","name":"La Casona de La Garaba","description":"Tu refugio asturiano en plena naturaleza","publisher":{"@id":"https:\/\/lacasonadelagaraba.com\/#organization"},"alternateName":"Casa Dos Peixi\u00f1os","potentialAction":[{"@type":"SearchAction","target":{"@type":"EntryPoint","urlTemplate":"https:\/\/lacasonadelagaraba.com\/?s={search_term_string}"},"query-input":{"@type":"PropertyValueSpecification","valueRequired":true,"valueName":"search_term_string"}}],"inLanguage":"fr-FR"},{"@type":"Organization","@id":"https:\/\/lacasonadelagaraba.com\/#organization","name":"La Casona de La Garaba","url":"https:\/\/lacasonadelagaraba.com\/","logo":{"@type":"ImageObject","inLanguage":"fr-FR","@id":"https:\/\/lacasonadelagaraba.com\/#\/schema\/logo\/image\/","url":"https:\/\/lacasonadelagaraba.com\/wp-content\/uploads\/2026\/01\/Logo-La-Garaba-HZ-cabecera.png","contentUrl":"https:\/\/lacasonadelagaraba.com\/wp-content\/uploads\/2026\/01\/Logo-La-Garaba-HZ-cabecera.png","width":466,"height":200,"caption":"La Casona de La Garaba"},"image":{"@id":"https:\/\/lacasonadelagaraba.com\/#\/schema\/logo\/image\/"},"sameAs":["https:\/\/www.airbnb.es\/rooms\/11895052?guests=1&adults=1&s=67&unique_share_id=d361752a-f24f-4ecc-9142-e0c1ad33d4c1"]}]}},"_links":{"self":[{"href":"https:\/\/lacasonadelagaraba.com\/fr\/wp-json\/wp\/v2\/pages\/957","targetHints":{"allow":["GET"]}}],"collection":[{"href":"https:\/\/lacasonadelagaraba.com\/fr\/wp-json\/wp\/v2\/pages"}],"about":[{"href":"https:\/\/lacasonadelagaraba.com\/fr\/wp-json\/wp\/v2\/types\/page"}],"author":[{"embeddable":true,"href":"https:\/\/lacasonadelagaraba.com\/fr\/wp-json\/wp\/v2\/users\/1"}],"replies":[{"embeddable":true,"href":"https:\/\/lacasonadelagaraba.com\/fr\/wp-json\/wp\/v2\/comments?post=957"}],"version-history":[{"count":3,"href":"https:\/\/lacasonadelagaraba.com\/fr\/wp-json\/wp\/v2\/pages\/957\/revisions"}],"predecessor-version":[{"id":1036,"href":"https:\/\/lacasonadelagaraba.com\/fr\/wp-json\/wp\/v2\/pages\/957\/revisions\/1036"}],"wp:attachment":[{"href":"https:\/\/lacasonadelagaraba.com\/fr\/wp-json\/wp\/v2\/media?parent=957"}],"curies":[{"name":"wp","href":"https:\/\/api.w.org\/{rel}","templated":true}]}}